{"id":781,"date":"2022-01-18T08:46:18","date_gmt":"2022-01-18T08:46:18","guid":{"rendered":"https:\/\/aiwaintl.com\/?post_type=product&#038;p=781"},"modified":"2023-07-04T05:28:04","modified_gmt":"2023-07-04T05:28:04","slug":"10-1-inch-32gb-wi-fi-android-9-0-tablet-oem-odm-color","status":"publish","type":"product","link":"https:\/\/aiwaintl.com\/pt\/products\/10-1-inch-32gb-wi-fi-android-9-0-tablet-oem-odm-color\/","title":{"rendered":"10.1 Polegadas Android Tablet 9.0"},"content":{"rendered":"<table>\n<tbody>\n<tr>\n<td width=\"181\"><strong><b>Marca<\/b><\/strong><\/td>\n<td width=\"493\">AIWA<\/td>\n<\/tr>\n<tr>\n<td width=\"181\"><strong><b>Tamanho Do Ecr\u00e3<\/b><\/strong><\/td>\n<td width=\"493\">10.1 Polegadas<\/td>\n<\/tr>\n<tr>\n<td width=\"181\"><strong><b>Sistema Operacional<\/b><\/strong><\/td>\n<td width=\"493\">Android 5.1\/ Android 9.0<\/td>\n<\/tr>\n<tr>\n<td width=\"181\"><strong><b>Capacidade De Armazenamento De Mem\u00f3ria<\/b><\/strong><\/td>\n<td width=\"493\">16GB, 32GB<\/td>\n<\/tr>\n<tr>\n<td width=\"181\"><strong><b>Tecnologia De Comunica\u00e7\u00e3o Sem Fio<\/b><\/strong><\/td>\n<td width=\"493\">Wi-Fi+3G, Wi-Fi+4G<\/td>\n<\/tr>\n<\/tbody>\n<\/table>\n<p>Sobre este item<\/p>\n<p>VISUALIZA\u00c7\u00c3O: Veja mais de seu conte\u00fado favorito na 10,1 polegadas de tela minimizado com molduras para o m\u00e1ximo de exibi\u00e7\u00e3o-capacidade. E com um leve, dur\u00e1vel, design, voc\u00ea pode levar a sua vis\u00e3o em torno da casa ou em viagem<br \/>\nA VIDA \u00fatil da BATERIA: GUIA-02 tem mais poder do que voc\u00ea esperaria em um dispositivo elegante. A bateria 4000mAh d\u00e1 a voc\u00ea a liberdade para esquecer o carregador por longos per\u00edodos de tempo quando voc\u00ea tem um lugar para ir ou lotes para assistir<br \/>\nARMAZENAMENTO: Manter todas as suas coisas favoritas \u00e0 m\u00e3o, incluindo m\u00fasicas, fotos, v\u00eddeos e muito mais com 32GB de mem\u00f3ria interna e at\u00e9 um adicional de 512 gb de mem\u00f3ria expans\u00edvel com cart\u00e3o microSD externo<br \/>\nIMPRESSIONANTE C\u00c2MERAS: Tomar n\u00edtidas, cativante fotos com a traseira virada para c\u00e2mera de 5MP, ou olhar deslumbrante em selfies e chats de v\u00eddeo com a c\u00e2mara virada para a frente<\/p>\n<div class=\"section mcb-section mcb-section-1m5jjfop8 default-width\" style=\"padding-top: 40px;\">\n<div class=\"section_wrapper mcb-section-inner mcb-section-inner-1m5jjfop8\">\n<div class=\"wrap mcb-wrap mcb-wrap-1e3leuypk one tablet-one mobile-one clearfix\" data-desktop-col=\"one\" data-tablet-col=\"tablet-one\" data-mobile-col=\"mobile-one\">\n<div class=\"mcb-wrap-inner mcb-wrap-inner-1e3leuypk\">\n<div class=\"column mcb-column mcb-item-muyaior45 one tablet-one mobile-one column_column\">\n<div class=\"mcb-column-inner mcb-column-inner-muyaior45 mcb-item-column-inner\">\n<div class=\"column_attr mfn-inline-editor clearfix\">\n<h2 style=\"font-style: normal; font-variant-ligatures: normal; font-variant-caps: normal; letter-spacing: normal; text-align: center;\">Contacte-nos<\/h2>\n<\/div>\n<\/div>\n<\/div>\n<div class=\"column mcb-column mcb-item-d612f7157 one-third tablet-one-third mobile-one column_list\">\n<div class=\"mcb-column-inner mcb-column-inner-d612f7157 mcb-item-list-inner\">\n<div class=\"list_item lists_2 clearfix\">\n<div class=\"list_left list_icon\"><\/div>\n<div class=\"list_right\">\n<div class=\"desc\">\n<p class=\"big\" style=\"padding-top: 12px; display: block; margin: 0;\">Tem alguma d\u00favida?<\/p>\n<h4><a href=\"mailto:info@aiwa-group.com\">info@aiwa-group.com<\/a><\/h4>\n<\/div>\n<\/div>\n<\/div>\n<\/div>\n<\/div>\n<div class=\"column mcb-column mcb-item-2d6498f98 one-third tablet-one-third mobile-one column_list\">\n<div class=\"mcb-column-inner mcb-column-inner-2d6498f98 mcb-item-list-inner\">\n<div class=\"list_item lists_2 clearfix\">\n<div class=\"list_left list_icon\"><\/div>\n<div class=\"list_right\">\n<div class=\"desc\">\n<p class=\"big\" style=\"padding-top: 12px; display: block; margin: 0;\">WhatsApp<\/p>\n<h4><a href=\"https:\/\/api.whatsapp.com\/send?phone=8619122692420\">+86 19122692420<\/a><\/h4>\n<\/div>\n<\/div>\n<\/div>\n<\/div>\n<\/div>\n<div class=\"column mcb-column mcb-item-0aab3c47f one-third tablet-one-third mobile-one column_list\">\n<div class=\"mcb-column-inner mcb-column-inner-0aab3c47f mcb-item-list-inner\">\n<div class=\"list_item lists_2 clearfix\">\n<div class=\"list_left list_icon\"><\/div>\n<div class=\"list_right\">\n<div class=\"desc\">\n<p class=\"big\" style=\"padding-top: 12px; display: block; margin: 0;\">Fax<\/p>\n<h4><a href=\"#\">+86 (023) 65755255<\/a><\/h4>\n<\/div>\n<\/div>\n<\/div>\n<\/div>\n<\/div>\n<\/div>\n<\/div>\n<\/div>\n<\/div>","protected":false},"excerpt":{"rendered":"<p>TAB-02<\/p>\n<p>Tela: 10.1 polegadas 800*1280 IPS<\/p>\n<p>Sistema operacional: o Android 5.1; Android 9.0<\/p>\n<p>CPU: MTK6592 octa-core (1.7-2.0 Ghz);<br \/>\nSC9863 octa-core de 1,6 Ghz)<\/p>\n<p>RAM\uff1a1GB ; 2GB<\/p>\n<p>ROM\uff1a16GB; 32GB<\/p>\n<p>C\u00e2mera: 0.3 MP Frontal +2MP Raros;Frontal de 2 mp +c\u00e2mera de 5MP Raro<\/p>\n<p>Rede: wi-Fi, 4G ,3G<\/p>\n<p>Bateria: 4000mAh<\/p>\n<p>&nbsp;<\/p>\n<p>&nbsp;<\/p>\n<div class=\"button_align align_left\"><a class=\"button  has-icon button_left button_size_3\" href=\"https:\/\/aiwaintl.com\/pt\/contact\/\"    ><span class=\"button_icon\"><i class=\"icon-email\"  aria-hidden=\"true\"><\/i><\/span><span class=\"button_label\">Cite Agora<\/span><\/a><\/div>","protected":false},"featured_media":782,"template":"","meta":{"om_disable_all_campaigns":false,"_monsterinsights_skip_tracking":false,"_monsterinsights_sitenote_active":false,"_monsterinsights_sitenote_note":"","_monsterinsights_sitenote_category":0},"product_brand":[],"product_cat":[60],"product_tag":[],"class_list":{"0":"post-781","1":"product","2":"type-product","3":"status-publish","4":"has-post-thumbnail","6":"product_cat-tablet-pc","8":"first","9":"instock","10":"taxable","11":"shipping-taxable","12":"product-type-simple"},"aioseo_notices":[],"_links":{"self":[{"href":"https:\/\/aiwaintl.com\/pt\/wp-json\/wp\/v2\/product\/781","targetHints":{"allow":["GET"]}}],"collection":[{"href":"https:\/\/aiwaintl.com\/pt\/wp-json\/wp\/v2\/product"}],"about":[{"href":"https:\/\/aiwaintl.com\/pt\/wp-json\/wp\/v2\/types\/product"}],"wp:featuredmedia":[{"embeddable":true,"href":"https:\/\/aiwaintl.com\/pt\/wp-json\/wp\/v2\/media\/782"}],"wp:attachment":[{"href":"https:\/\/aiwaintl.com\/pt\/wp-json\/wp\/v2\/media?parent=781"}],"wp:term":[{"taxonomy":"product_brand","embeddable":true,"href":"https:\/\/aiwaintl.com\/pt\/wp-json\/wp\/v2\/product_brand?post=781"},{"taxonomy":"product_cat","embeddable":true,"href":"https:\/\/aiwaintl.com\/pt\/wp-json\/wp\/v2\/product_cat?post=781"},{"taxonomy":"product_tag","embeddable":true,"href":"https:\/\/aiwaintl.com\/pt\/wp-json\/wp\/v2\/product_tag?post=781"}],"curies":[{"name":"wp","href":"https:\/\/api.w.org\/{rel}","templated":true}]}}