{"id":769,"date":"2022-01-18T08:24:11","date_gmt":"2022-01-18T08:24:11","guid":{"rendered":"https:\/\/aiwaintl.com\/?post_type=product&#038;p=769"},"modified":"2023-07-04T05:30:21","modified_gmt":"2023-07-04T05:30:21","slug":"fhd-10-1-inch-windows-10-4gb-64gb-128gb-2-in-1-tablet","status":"publish","type":"product","link":"https:\/\/aiwaintl.com\/pt\/products\/fhd-10-1-inch-windows-10-4gb-64gb-128gb-2-in-1-tablet\/","title":{"rendered":"10.1 polegadas, Windows 10 Comprimido ( 2 em 1)"},"content":{"rendered":"<table>\n<tbody>\n<tr>\n<td width=\"168\"><strong><b>Marca<\/b><\/strong><\/td>\n<td width=\"475\">AIWA<\/td>\n<\/tr>\n<tr>\n<td width=\"168\"><strong><b>Tamanho Do Ecr\u00e3<\/b><\/strong><\/td>\n<td width=\"475\">10 Polegadas (2 em 1 )<\/td>\n<\/tr>\n<tr>\n<td width=\"168\"><strong><b>Sistema Operacional<\/b><\/strong><\/td>\n<td width=\"475\">Windows 10<\/td>\n<\/tr>\n<tr>\n<td width=\"168\"><strong><b>Capacidade De Armazenamento De Mem\u00f3ria<\/b><\/strong><\/td>\n<td width=\"475\">32 GB, 64 GB, 128 GB<\/td>\n<\/tr>\n<tr>\n<td width=\"168\"><strong><b>Tecnologia De Comunica\u00e7\u00e3o Sem Fio<\/b><\/strong><\/td>\n<td width=\"475\">Wi-Fi<\/td>\n<\/tr>\n<\/tbody>\n<\/table>\n<p>&nbsp;<\/p>\n<p>Sobre este item<br \/>\n\u3010Poderoso e Mega Espa\u00e7o de Armazenamento\u3011 Este 10.1&#034; tablet equipado com Intel Z8350 CPU (at\u00e9 2,6 GHz) , 4 GB de mem\u00f3ria DDR3 e 128 gb de curso de mestrado erasmus mundus, Mais espa\u00e7o de mem\u00f3ria do que a gera\u00e7\u00e3o anterior para mais de seu estudo, de trabalho e de jogar necessidades. A capacidade de armazenamento do tablet serve para mais espa\u00e7o de armazenamento para programas maiores.<br \/>\n\u3010Multi-fun\u00e7\u00e3o de Tablet\u3011Esta computadores port\u00e1teis tem um destac\u00e1vel teclado em ingl\u00eas ,e o suporte ajust\u00e1vel suporte pode apoiar o tablet em p\u00e9 \u00e2ngulo m\u00e1ximo a 145\u00b0. O poderoso 7500mAh bateria permite que voc\u00ea jogue todo o dia, desfrutar de entretenimento a qualquer hora, em qualquer lugar sem se preocupar com a pr\u00f3xima carga.<br \/>\n\u3010Windows 10 Hmoe\u3011Este 2 em 1 comprimido \u00e9 alimentado pelo Windows 10 Hmoe, que simplificada para seguran\u00e7a e desempenho, proporcionando uma experi\u00eancia familiar do Windows. Para aumentar a seguran\u00e7a, permite apenas aplica\u00e7\u00f5es de download da Microsoft Store e requer o Microsoft Borda para navega\u00e7\u00e3o segura.<br \/>\n\u3010Ecr\u00e3 Full HD\u3011Tablet 10. 1 polegada usa uma resolu\u00e7\u00e3o de 1280\u00d7800 pixels de ecr\u00e3 IPS, com duplo alto-falante est\u00e9reo tablet PC, traseira de 2MP e frontal de 2 mp, e ultra-luxo dupla configura\u00e7\u00e3o da c\u00e2mera, que satisfaz plenamente di\u00e1rio necessidades fotogr\u00e1ficas. Oferece uma imagem clara e brilhante, cores vivas e excelente experi\u00eancia visual. O multi-toque em todos os pontos solu\u00e7\u00e3o pode controlar at\u00e9 10 toques simult\u00e2neos. \u00d3timo para visualiza\u00e7\u00e3o de apresenta\u00e7\u00f5es, v\u00eddeo-confer\u00eancia, a leitura de e-books, assistir filmes, compartilhar fotos e muito mais.<\/p>\n<div class=\"section mcb-section mcb-section-1m5jjfop8 default-width\" style=\"padding-top: 40px;\">\n<div class=\"section_wrapper mcb-section-inner mcb-section-inner-1m5jjfop8\">\n<div class=\"wrap mcb-wrap mcb-wrap-1e3leuypk one tablet-one mobile-one clearfix\" data-desktop-col=\"one\" data-tablet-col=\"tablet-one\" data-mobile-col=\"mobile-one\">\n<div class=\"mcb-wrap-inner mcb-wrap-inner-1e3leuypk\">\n<div class=\"column mcb-column mcb-item-muyaior45 one tablet-one mobile-one column_column\">\n<div class=\"mcb-column-inner mcb-column-inner-muyaior45 mcb-item-column-inner\">\n<div class=\"column_attr mfn-inline-editor clearfix\">\n<h2 style=\"font-style: normal; font-variant-ligatures: normal; font-variant-caps: normal; letter-spacing: normal; text-align: center;\">Contacte-nos<\/h2>\n<\/div>\n<\/div>\n<\/div>\n<div class=\"column mcb-column mcb-item-d612f7157 one-third tablet-one-third mobile-one column_list\">\n<div class=\"mcb-column-inner mcb-column-inner-d612f7157 mcb-item-list-inner\">\n<div class=\"list_item lists_2 clearfix\">\n<div class=\"list_left list_icon\"><\/div>\n<div class=\"list_right\">\n<div class=\"desc\">\n<p class=\"big\" style=\"padding-top: 12px; display: block; margin: 0;\">Tem alguma d\u00favida?<\/p>\n<h4><a href=\"mailto:info@aiwa-group.com\">info@aiwa-group.com<\/a><\/h4>\n<\/div>\n<\/div>\n<\/div>\n<\/div>\n<\/div>\n<div class=\"column mcb-column mcb-item-2d6498f98 one-third tablet-one-third mobile-one column_list\">\n<div class=\"mcb-column-inner mcb-column-inner-2d6498f98 mcb-item-list-inner\">\n<div class=\"list_item lists_2 clearfix\">\n<div class=\"list_left list_icon\"><\/div>\n<div class=\"list_right\">\n<div class=\"desc\">\n<p class=\"big\" style=\"padding-top: 12px; display: block; margin: 0;\">WhatsApp<\/p>\n<h4><a href=\"https:\/\/api.whatsapp.com\/send?phone=8619122692420\">+86 19122692420<\/a><\/h4>\n<\/div>\n<\/div>\n<\/div>\n<\/div>\n<\/div>\n<div class=\"column mcb-column mcb-item-0aab3c47f one-third tablet-one-third mobile-one column_list\">\n<div class=\"mcb-column-inner mcb-column-inner-0aab3c47f mcb-item-list-inner\">\n<div class=\"list_item lists_2 clearfix\">\n<div class=\"list_left list_icon\"><\/div>\n<div class=\"list_right\">\n<div class=\"desc\">\n<p class=\"big\" style=\"padding-top: 12px; display: block; margin: 0;\">Fax<\/p>\n<h4><a href=\"#\">+86 (023) 65755255<\/a><\/h4>\n<\/div>\n<\/div>\n<\/div>\n<\/div>\n<\/div>\n<\/div>\n<\/div>\n<\/div>\n<\/div>","protected":false},"excerpt":{"rendered":"<p>TAB-08( 2 EM 1 )<\/p>\n<p>Tela: 10.1 polegadas 800*1280 IPS<\/p>\n<p>Sistema operacional: o Windows 10<\/p>\n<p>CPU: Intel Atom Z8300 quad-core(1.44-1.84 Ghz)<\/p>\n<p>RAM\uff1a4GB<\/p>\n<p>ROM\uff1a32 GB, 64 GB, 128 GB<\/p>\n<p>C\u00e2mera: Frontal de 2 mp + 2 MP Raro<\/p>\n<p>Rede: Wi-Fi<\/p>\n<p>Bateria: 7500mAH<\/p>\n<p>&nbsp;<\/p>\n<p>&nbsp;<\/p>\n<div class=\"button_align align_left\"><a class=\"button  has-icon button_left button_size_3\" href=\"https:\/\/aiwaintl.com\/pt\/contact\/\"    ><span class=\"button_icon\"><i class=\"icon-email\"  aria-hidden=\"true\"><\/i><\/span><span class=\"button_label\">Cite Agora<\/span><\/a><\/div>","protected":false},"featured_media":770,"template":"","meta":{"om_disable_all_campaigns":false,"_monsterinsights_skip_tracking":false,"_monsterinsights_sitenote_active":false,"_monsterinsights_sitenote_note":"","_monsterinsights_sitenote_category":0},"product_brand":[],"product_cat":[60],"product_tag":[],"class_list":{"0":"post-769","1":"product","2":"type-product","3":"status-publish","4":"has-post-thumbnail","6":"product_cat-tablet-pc","8":"first","9":"instock","10":"taxable","11":"shipping-taxable","12":"product-type-simple"},"aioseo_notices":[],"_links":{"self":[{"href":"https:\/\/aiwaintl.com\/pt\/wp-json\/wp\/v2\/product\/769","targetHints":{"allow":["GET"]}}],"collection":[{"href":"https:\/\/aiwaintl.com\/pt\/wp-json\/wp\/v2\/product"}],"about":[{"href":"https:\/\/aiwaintl.com\/pt\/wp-json\/wp\/v2\/types\/product"}],"wp:featuredmedia":[{"embeddable":true,"href":"https:\/\/aiwaintl.com\/pt\/wp-json\/wp\/v2\/media\/770"}],"wp:attachment":[{"href":"https:\/\/aiwaintl.com\/pt\/wp-json\/wp\/v2\/media?parent=769"}],"wp:term":[{"taxonomy":"product_brand","embeddable":true,"href":"https:\/\/aiwaintl.com\/pt\/wp-json\/wp\/v2\/product_brand?post=769"},{"taxonomy":"product_cat","embeddable":true,"href":"https:\/\/aiwaintl.com\/pt\/wp-json\/wp\/v2\/product_cat?post=769"},{"taxonomy":"product_tag","embeddable":true,"href":"https:\/\/aiwaintl.com\/pt\/wp-json\/wp\/v2\/product_tag?post=769"}],"curies":[{"name":"wp","href":"https:\/\/api.w.org\/{rel}","templated":true}]}}