{"id":763,"date":"2022-01-18T07:55:33","date_gmt":"2022-01-18T07:55:33","guid":{"rendered":"https:\/\/aiwaintl.com\/?post_type=product&#038;p=763"},"modified":"2023-07-04T05:30:26","modified_gmt":"2023-07-04T05:30:26","slug":"fhd-10-inch-tablet-android-464gb-2-in-1","status":"publish","type":"product","link":"https:\/\/aiwaintl.com\/pt\/products\/fhd-10-inch-tablet-android-464gb-2-in-1\/","title":{"rendered":"10 .1 polegadas Android 8.0 Tablet (2 em 1)"},"content":{"rendered":"<table>\n<tbody>\n<tr>\n<td width=\"174\"><strong><b>Marca<\/b><\/strong><\/td>\n<td width=\"492\">AIWA<\/td>\n<\/tr>\n<tr>\n<td width=\"174\"><strong><b>Tamanho Do Ecr\u00e3<\/b><\/strong><\/td>\n<td width=\"492\">10.1 Polegadas<\/td>\n<\/tr>\n<tr>\n<td width=\"174\"><strong><b>Sistema Operacional<\/b><\/strong><\/td>\n<td width=\"492\">Android 8<\/td>\n<\/tr>\n<tr>\n<td width=\"174\"><strong><b>Capacidade De Armazenamento De Mem\u00f3ria<\/b><\/strong><\/td>\n<td width=\"492\">64 GB<\/td>\n<\/tr>\n<tr>\n<td width=\"174\"><strong><b>Tecnologia De Comunica\u00e7\u00e3o Sem Fio<\/b><\/strong><\/td>\n<td width=\"492\">Wi-Fi+4G<\/td>\n<\/tr>\n<\/tbody>\n<\/table>\n<p>&nbsp;<\/p>\n<p>\u3010Uma Tela Todos V\u00e3o Adorar \u3011Se sua fam\u00edlia \u00e9 de streaming de v\u00eddeo ou conversando com os amigos, o AIWO-TAB-tablet de 10 traz o melhor em cada momento em um ecr\u00e3 de 10.1&#034; LCD tela<\/p>\n<p>\u3010De energia e de Armazenamento para Todos os \u3011 Chegar ao poder, o armazenamento e a velocidade \u00e0s necessidades de sua fam\u00edlia com um chipset atualizados e espa\u00e7o de sobra para manter arquivos \u2014 at\u00e9 64GB de armazenamento; Uma bateria de longa dura\u00e7\u00e3o permite que voc\u00ea v\u00e1 desligado por horas para manter a divers\u00e3o de toda a fam\u00edlia vai<\/p>\n<p>\u3010Carga R\u00e1pida de Energia para Horas\u3011 Ir por horas em uma \u00fanica carga e volta a 100% com o r\u00e1pido carregamento USB C porta; O 6000mAh bateria de pol\u00edmero de l\u00edtio e de baixo consumo de CPU melhorar a sua experi\u00eancia e permitir-lhe desfrutar de at\u00e9 12 horas de misturas de ler, assistir a V\u00eddeos, navegar na internet, jogar jogos de luz e muito mais. \u00c9 realmente um bom companheiro para o seu lazer e entretenimento.<\/p>\n<p>\u3010Dual C\u00e2meras e alto-Falantes\u3011 Com Frente 5.0 MP e Traseira de 8.0 MP c\u00e2meras duplas, o que traria as suas fotos e v\u00eddeos para a vida. GUIA-10 not\u00e1vel tablet rivais a maioria dos tablet de 10 polegadas e \u00e9 conveniente para tirar fotos, capturar e compartilhar os momentos especiais com seus amigos e familiares. Em compara\u00e7\u00e3o com a maioria de 10,1&#034; tabuletas, o tablet da Google \u00e9 equipado com duas caixas ac\u00fasticas, o que traz mais um \u00e1udio poderoso. Atender suas necessidades di\u00e1rias, tais como assistir a v\u00eddeos, ao vivo, jogos de bola, o artigo<\/p>\n<p>\u3010Brilhante Ecr\u00e3 IPS\u3011AIWA Guia-10 de 10 polegadas tablet PC adota uma resolu\u00e7\u00e3o de 1280 x 800 HD de ecr\u00e3 IPS. Esse grande jogo de tablet tem uma n\u00edtida hierarquia de imagens e de cores mais ricas, e fornece chocante desempenho de experi\u00eancia visual. Com a Sa\u00fade Ocular modo, um recurso extra filtra a luz azul para aliviar a fadiga visual, e otimiza a ilumina\u00e7\u00e3o mais confort\u00e1vel experi\u00eancia de leitura.<\/p>\n<div class=\"section mcb-section mcb-section-1m5jjfop8 default-width\" style=\"padding-top: 40px;\">\n<div class=\"section_wrapper mcb-section-inner mcb-section-inner-1m5jjfop8\">\n<div class=\"wrap mcb-wrap mcb-wrap-1e3leuypk one tablet-one mobile-one clearfix\" data-desktop-col=\"one\" data-tablet-col=\"tablet-one\" data-mobile-col=\"mobile-one\">\n<div class=\"mcb-wrap-inner mcb-wrap-inner-1e3leuypk\">\n<div class=\"column mcb-column mcb-item-muyaior45 one tablet-one mobile-one column_column\">\n<div class=\"mcb-column-inner mcb-column-inner-muyaior45 mcb-item-column-inner\">\n<div class=\"column_attr mfn-inline-editor clearfix\">\n<h2 style=\"font-style: normal; font-variant-ligatures: normal; font-variant-caps: normal; letter-spacing: normal; text-align: center;\">Contacte-nos<\/h2>\n<\/div>\n<\/div>\n<\/div>\n<div class=\"column mcb-column mcb-item-d612f7157 one-third tablet-one-third mobile-one column_list\">\n<div class=\"mcb-column-inner mcb-column-inner-d612f7157 mcb-item-list-inner\">\n<div class=\"list_item lists_2 clearfix\">\n<div class=\"list_left list_icon\"><\/div>\n<div class=\"list_right\">\n<div class=\"desc\">\n<p class=\"big\" style=\"padding-top: 12px; display: block; margin: 0;\">Tem alguma d\u00favida?<\/p>\n<h4><a href=\"mailto:info@aiwa-group.com\">info@aiwa-group.com<\/a><\/h4>\n<\/div>\n<\/div>\n<\/div>\n<\/div>\n<\/div>\n<div class=\"column mcb-column mcb-item-2d6498f98 one-third tablet-one-third mobile-one column_list\">\n<div class=\"mcb-column-inner mcb-column-inner-2d6498f98 mcb-item-list-inner\">\n<div class=\"list_item lists_2 clearfix\">\n<div class=\"list_left list_icon\"><\/div>\n<div class=\"list_right\">\n<div class=\"desc\">\n<p class=\"big\" style=\"padding-top: 12px; display: block; margin: 0;\">WhatsApp<\/p>\n<h4><a href=\"https:\/\/api.whatsapp.com\/send?phone=8619122692420\">+86 19122692420<\/a><\/h4>\n<\/div>\n<\/div>\n<\/div>\n<\/div>\n<\/div>\n<div class=\"column mcb-column mcb-item-0aab3c47f one-third tablet-one-third mobile-one column_list\">\n<div class=\"mcb-column-inner mcb-column-inner-0aab3c47f mcb-item-list-inner\">\n<div class=\"list_item lists_2 clearfix\">\n<div class=\"list_left list_icon\"><\/div>\n<div class=\"list_right\">\n<div class=\"desc\">\n<p class=\"big\" style=\"padding-top: 12px; display: block; margin: 0;\">Fax<\/p>\n<h4><a href=\"#\">+86 (023) 65755255<\/a><\/h4>\n<\/div>\n<\/div>\n<\/div>\n<\/div>\n<\/div>\n<\/div>\n<\/div>\n<\/div>\n<\/div>","protected":false},"excerpt":{"rendered":"<p>TAB-10 \uff082 em 1\uff09<\/p>\n<p>Tela: 10.1 polegadas 800*1280 IPS<\/p>\n<p>Sistema operacional: o Android 8<\/p>\n<p>CPU: MTK X30 Quad-core (de 2.0 GHz)<\/p>\n<p>RAM\uff1a2GB\uff0c 4GB<\/p>\n<p>ROM\uff1a64GB\uff0c 128GB<\/p>\n<p>C\u00e2mera: 5MP Frontal + traseira de 8 mp Raro<\/p>\n<p>Rede: wi-Fi, 4G<\/p>\n<p>Bateria: 7480mAh<\/p>\n<p>&nbsp;<\/p>\n<div class=\"button_align align_left\"><a class=\"button  has-icon button_left button_size_3\" href=\"https:\/\/aiwaintl.com\/pt\/contact\/\"    ><span class=\"button_icon\"><i class=\"icon-email\"  aria-hidden=\"true\"><\/i><\/span><span class=\"button_label\">Cite Agora<\/span><\/a><\/div>","protected":false},"featured_media":764,"template":"","meta":{"om_disable_all_campaigns":false,"_monsterinsights_skip_tracking":false,"_monsterinsights_sitenote_active":false,"_monsterinsights_sitenote_note":"","_monsterinsights_sitenote_category":0},"product_brand":[],"product_cat":[60],"product_tag":[],"class_list":{"0":"post-763","1":"product","2":"type-product","3":"status-publish","4":"has-post-thumbnail","6":"product_cat-tablet-pc","8":"first","9":"instock","10":"taxable","11":"shipping-taxable","12":"product-type-simple"},"aioseo_notices":[],"_links":{"self":[{"href":"https:\/\/aiwaintl.com\/pt\/wp-json\/wp\/v2\/product\/763","targetHints":{"allow":["GET"]}}],"collection":[{"href":"https:\/\/aiwaintl.com\/pt\/wp-json\/wp\/v2\/product"}],"about":[{"href":"https:\/\/aiwaintl.com\/pt\/wp-json\/wp\/v2\/types\/product"}],"wp:featuredmedia":[{"embeddable":true,"href":"https:\/\/aiwaintl.com\/pt\/wp-json\/wp\/v2\/media\/764"}],"wp:attachment":[{"href":"https:\/\/aiwaintl.com\/pt\/wp-json\/wp\/v2\/media?parent=763"}],"wp:term":[{"taxonomy":"product_brand","embeddable":true,"href":"https:\/\/aiwaintl.com\/pt\/wp-json\/wp\/v2\/product_brand?post=763"},{"taxonomy":"product_cat","embeddable":true,"href":"https:\/\/aiwaintl.com\/pt\/wp-json\/wp\/v2\/product_cat?post=763"},{"taxonomy":"product_tag","embeddable":true,"href":"https:\/\/aiwaintl.com\/pt\/wp-json\/wp\/v2\/product_tag?post=763"}],"curies":[{"name":"wp","href":"https:\/\/api.w.org\/{rel}","templated":true}]}}