{"id":755,"date":"2022-01-18T07:41:15","date_gmt":"2022-01-18T07:41:15","guid":{"rendered":"https:\/\/aiwaintl.com\/?post_type=product&#038;p=755"},"modified":"2023-07-04T05:30:31","modified_gmt":"2023-07-04T05:30:31","slug":"tab-11","status":"publish","type":"product","link":"https:\/\/aiwaintl.com\/pt\/products\/tab-11\/","title":{"rendered":"10 .1 polegadas Android 1 1 Comprimido (2 em 1)"},"content":{"rendered":"<table>\n<tbody>\n<tr>\n<td width=\"168\"><strong><b>Marca<\/b><\/strong><\/td>\n<td width=\"475\">AIWA<\/td>\n<\/tr>\n<tr>\n<td width=\"168\"><strong><b>Tamanho Do Ecr\u00e3<\/b><\/strong><\/td>\n<td width=\"475\">10.1 Polegadas<\/td>\n<\/tr>\n<tr>\n<td width=\"168\"><strong><b>Sistema Operacional<\/b><\/strong><\/td>\n<td width=\"475\">Android 11<\/td>\n<\/tr>\n<tr>\n<td width=\"168\"><strong><b>Capacidade De Armazenamento De Mem\u00f3ria<\/b><\/strong><\/td>\n<td width=\"475\">64 GB, 128 GB<\/td>\n<\/tr>\n<tr>\n<td width=\"168\"><strong><b>Tecnologia De Comunica\u00e7\u00e3o Sem Fio<\/b><\/strong><\/td>\n<td width=\"475\">Wi-Fi+ 4G<\/td>\n<\/tr>\n<\/tbody>\n<\/table>\n<p>&nbsp;<\/p>\n<p>Sobre este item<\/p>\n<p>\u3010DESIGN AVAN\u00c7ADO\u3011tablet de 10 polegadas conectado a um teclado Bluetooth instantaneamente se transforma em um port\u00e1til 2 em 1 computador port\u00e1til. Premium look &amp; feel do metal da tampa traseira \u00e9 o escrit\u00f3rio perfeito combina\u00e7\u00e3o de entretenimento e um melhor presente para namorado e crian\u00e7as.<\/p>\n<p>\u3010FORTE DESEMPENHO\u3011O mais recente Android 11.0 tablet em 2021 com 2.0 GHz Octa-core e 4 gb de RAM, o acesso completo ao Google Play e facilmente executar v\u00e1rias fun\u00e7\u00f5es.<\/p>\n<p>\u3010De GRANDE capacidade de ARMAZENAMENTO E BATERIA de LONGA dura\u00e7\u00e3o\u3011interna de 64GB ROM e apoiar a expans\u00e3o de 256 GB TF cart\u00e3o de 6000 mAh bateria de grande capacidade por um longo tempo, office, entretenimento e estudo.<\/p>\n<p>\u3010TELA FULL HD\u3011Suporte para 1080P FHD IPS display de 10.1 polegadas tablet. Constru\u00eddo-em 4G dual slot para cart\u00e3o SIM, suporta dual celular 4G, Bluetooth, wi-FI, GPS, c\u00e2mera dupla, e slot para cart\u00e3o micro SD.<\/p>\n<p>\u3010LOJA MAIS DE WAHT VOC\u00ca AMA\u3011O tablet oferece uma 64GB de armazenamento para todas as suas hi-resolu\u00e7\u00e3o de v\u00eddeos, fotos e arquivos. E voc\u00ea tamb\u00e9m pode adicionar um cart\u00e3o SD expandir at\u00e9 256 gb, Armazenamento de mais amor e apagar a menos. Alto-falantes duplos produzir produtos de alta qualidade, aut\u00eantica reprodu\u00e7\u00e3o de \u00e1udio para a sua m\u00fasica favorita. De 8MP e frontal de 13MP traseira c\u00e2meras de transformar suas fotos e v\u00eddeos em animada e compartilh\u00e1vel momentos.<\/p>\n<div class=\"section mcb-section mcb-section-1m5jjfop8 default-width\" style=\"padding-top: 40px;\">\n<div class=\"section_wrapper mcb-section-inner mcb-section-inner-1m5jjfop8\">\n<div class=\"wrap mcb-wrap mcb-wrap-1e3leuypk one tablet-one mobile-one clearfix\" data-desktop-col=\"one\" data-tablet-col=\"tablet-one\" data-mobile-col=\"mobile-one\">\n<div class=\"mcb-wrap-inner mcb-wrap-inner-1e3leuypk\">\n<div class=\"column mcb-column mcb-item-muyaior45 one tablet-one mobile-one column_column\">\n<div class=\"mcb-column-inner mcb-column-inner-muyaior45 mcb-item-column-inner\">\n<div class=\"column_attr mfn-inline-editor clearfix\">\n<h2 style=\"font-style: normal; font-variant-ligatures: normal; font-variant-caps: normal; letter-spacing: normal; text-align: center;\">Contacte-nos<\/h2>\n<\/div>\n<\/div>\n<\/div>\n<div class=\"column mcb-column mcb-item-d612f7157 one-third tablet-one-third mobile-one column_list\">\n<div class=\"mcb-column-inner mcb-column-inner-d612f7157 mcb-item-list-inner\">\n<div class=\"list_item lists_2 clearfix\">\n<div class=\"list_left list_icon\"><\/div>\n<div class=\"list_right\">\n<div class=\"desc\">\n<p class=\"big\" style=\"padding-top: 12px; display: block; margin: 0;\">Tem alguma d\u00favida?<\/p>\n<h4><a href=\"mailto:info@aiwa-group.com\">info@aiwa-group.com<\/a><\/h4>\n<\/div>\n<\/div>\n<\/div>\n<\/div>\n<\/div>\n<div class=\"column mcb-column mcb-item-2d6498f98 one-third tablet-one-third mobile-one column_list\">\n<div class=\"mcb-column-inner mcb-column-inner-2d6498f98 mcb-item-list-inner\">\n<div class=\"list_item lists_2 clearfix\">\n<div class=\"list_left list_icon\"><\/div>\n<div class=\"list_right\">\n<div class=\"desc\">\n<p class=\"big\" style=\"padding-top: 12px; display: block; margin: 0;\">WhatsApp<\/p>\n<h4><a href=\"https:\/\/api.whatsapp.com\/send?phone=8619122692420\">+86 19122692420<\/a><\/h4>\n<\/div>\n<\/div>\n<\/div>\n<\/div>\n<\/div>\n<div class=\"column mcb-column mcb-item-0aab3c47f one-third tablet-one-third mobile-one column_list\">\n<div class=\"mcb-column-inner mcb-column-inner-0aab3c47f mcb-item-list-inner\">\n<div class=\"list_item lists_2 clearfix\">\n<div class=\"list_left list_icon\"><\/div>\n<div class=\"list_right\">\n<div class=\"desc\">\n<p class=\"big\" style=\"padding-top: 12px; display: block; margin: 0;\">Fax<\/p>\n<h4><a href=\"#\">+86 (023) 65755255<\/a><\/h4>\n<\/div>\n<\/div>\n<\/div>\n<\/div>\n<\/div>\n<\/div>\n<\/div>\n<\/div>\n<\/div>","protected":false},"excerpt":{"rendered":"<p>TAB-11 \uff082 em 1)<\/p>\n<p>Tela: 10.1 polegadas, 1200*1920 IPS<\/p>\n<p>Sistema operacional: o Android 11<\/p>\n<p>CPU: Spreadtrum T618 Quad-core (2.0 GHz)<\/p>\n<p>RAM\uff1a4GB<\/p>\n<p>ROM\uff1a128GB<\/p>\n<p>C\u00e2mera: 5MP Frente +13MP Raro<\/p>\n<p>Rede: wi-Fi, 4G<\/p>\n<p>Bateria: 6000mAH<\/p>\n<p>&nbsp;<\/p>\n<p>&nbsp;<\/p>\n<div class=\"button_align align_left\"><a class=\"button  has-icon button_left button_size_3\" href=\"https:\/\/aiwaintl.com\/pt\/contact\/\"    ><span class=\"button_icon\"><i class=\"icon-email\"  aria-hidden=\"true\"><\/i><\/span><span class=\"button_label\">Cite Agora<\/span><\/a><\/div>","protected":false},"featured_media":756,"template":"","meta":{"om_disable_all_campaigns":false,"_monsterinsights_skip_tracking":false,"_monsterinsights_sitenote_active":false,"_monsterinsights_sitenote_note":"","_monsterinsights_sitenote_category":0},"product_brand":[],"product_cat":[60],"product_tag":[],"class_list":{"0":"post-755","1":"product","2":"type-product","3":"status-publish","4":"has-post-thumbnail","6":"product_cat-tablet-pc","8":"first","9":"instock","10":"taxable","11":"shipping-taxable","12":"product-type-simple"},"aioseo_notices":[],"_links":{"self":[{"href":"https:\/\/aiwaintl.com\/pt\/wp-json\/wp\/v2\/product\/755","targetHints":{"allow":["GET"]}}],"collection":[{"href":"https:\/\/aiwaintl.com\/pt\/wp-json\/wp\/v2\/product"}],"about":[{"href":"https:\/\/aiwaintl.com\/pt\/wp-json\/wp\/v2\/types\/product"}],"wp:featuredmedia":[{"embeddable":true,"href":"https:\/\/aiwaintl.com\/pt\/wp-json\/wp\/v2\/media\/756"}],"wp:attachment":[{"href":"https:\/\/aiwaintl.com\/pt\/wp-json\/wp\/v2\/media?parent=755"}],"wp:term":[{"taxonomy":"product_brand","embeddable":true,"href":"https:\/\/aiwaintl.com\/pt\/wp-json\/wp\/v2\/product_brand?post=755"},{"taxonomy":"product_cat","embeddable":true,"href":"https:\/\/aiwaintl.com\/pt\/wp-json\/wp\/v2\/product_cat?post=755"},{"taxonomy":"product_tag","embeddable":true,"href":"https:\/\/aiwaintl.com\/pt\/wp-json\/wp\/v2\/product_tag?post=755"}],"curies":[{"name":"wp","href":"https:\/\/api.w.org\/{rel}","templated":true}]}}