{"id":645,"date":"2022-01-15T07:47:19","date_gmt":"2022-01-15T07:47:19","guid":{"rendered":"https:\/\/aiwaintl.com\/?post_type=product&#038;p=645"},"modified":"2023-07-04T05:31:41","modified_gmt":"2023-07-04T05:31:41","slug":"17-3-inch-i7-11800h-laptop","status":"publish","type":"product","link":"https:\/\/aiwaintl.com\/pt\/products\/17-3-inch-i7-11800h-laptop\/","title":{"rendered":"17.3 Polegadas i7-11800H RTX 3060 144Hz Port\u00e1til de Jogos"},"content":{"rendered":"<h3 style=\"text-align: center;\"><strong>Recurso<\/strong><\/h3>\n<ul>\n<li>Usando o intel Core I7 11800h 11\u00aa gera\u00e7\u00e3o do processador de alta performance,de 8 n\u00facleos e 16 threads, freq\u00fc\u00eancia b\u00e1sica 2,3 GHz m\u00e1xima do turbo frequ\u00eancia 4.6 GHz.<\/li>\n<li>Equipado com a tecnologia NVIDIA RTX 3060 placa gr\u00e1fica,6GB de mem\u00f3ria grande capacidade;rent\u00e1vel placa gr\u00e1fica<\/li>\n<li>17.3 polegadas IPS de alta defini\u00e7\u00e3o 1920*1080, a taxa de atualiza\u00e7\u00e3o de 144HZ,72% NTSC\/99% RGB gama de cores, trazendo a imagem mais clara e mais precisa de reprodu\u00e7\u00e3o de cor, experi\u00eancia mais suave nos jogos<\/li>\n<li>AI inteligentes de reconhecimento de rosto<\/li>\n<li>WIFI 6,Suporte 2.4 GHz, 5 ghz dual-band wi-Fi<\/li>\n<li>2.0 eficiente dissipa\u00e7\u00e3o de calor, a dupla f\u00e3s + quatro sa\u00eddas de ar<\/li>\n<li>Com 512GB PCI-E unidade de estado s\u00f3lido, a leitura e a velocidade de grava\u00e7\u00e3o \u00e9 de 6 vezes maior do que a dos hds comuns<\/li>\n<li>De cor RGB silenciosa mec\u00e2nico ilumina\u00e7\u00e3o de fundo do teclado, suporte personalizar<\/li>\n<li>Vidro de precis\u00e3o touchpad, mais textura de toque, fa\u00e7a duplo clique em bloquear para evitar toques acidentais.<\/li>\n<li>Sound blaster cinema5 som est\u00e9reo, pode ser ajustado \u00e0 vontade.<\/li>\n<\/ul>\n<h3 style=\"text-align: center;\"><strong>Descrever<\/strong><\/h3>\n<p>Este port\u00e1til est\u00e1 equipado com Intel Core I7 11800H processador e placa gr\u00e1fica nvidia geforce rtx 3060 placa gr\u00e1fica, a combina\u00e7\u00e3o dos dois pode executar todos os jogos no mercado sem problemas. O 17.3 polegadas 144Hz tela faz com que o visor de imagens sem qualquer atraso, e fornece uma vis\u00e3o em cada mudan\u00e7a sutil no jogo. Embora seja um computador port\u00e1til concebido para o e-jogos de esportes, tamb\u00e9m \u00e9 muito competente para edi\u00e7\u00e3o de v\u00eddeo, desenho em CAD, etc. A \u00fanica desvantagem \u00e9 que o 17.3 polegadas fuselagem \u00e9 relativamente pesado e n\u00e3o \u00e9 f\u00e1cil de transportar.<\/p>\n<h3 style=\"text-align: center;\"><strong><b>Material De Gest\u00e3o Da Qualidade<\/b><\/strong><\/h3>\n<p>N\u00f3s estabelecemos um sistema de gest\u00e3o integrado, para inspecionar a qualidade de todos os materiais utilizados em nosso hardware. Implementamos processos eficazes na sele\u00e7\u00e3o e certifica\u00e7\u00e3o de nossos fornecedores. Este processo garante que os nossos materiais de acordo com os elevados padr\u00f5es de nossos parceiros e clientes esperam.<\/p>\n<h3 style=\"text-align: center;\"><strong><b>Investiga\u00e7\u00e3o e Inova\u00e7\u00e3o para a Qualidade do Design<\/b><\/strong><\/h3>\n<p>Mesmo a qualidade dos nossos projetos passa por rigorosa an\u00e1lise t\u00e9cnica e testes. Nossos testes envolve a aplica\u00e7\u00e3o de m\u00e9todos avan\u00e7ados e ferramentas praticada no topo da camada de ind\u00fastrias em todo o mundo, a fim de garantir que os produtos s\u00e3o lan\u00e7ados somente ap\u00f3s a verifica\u00e7\u00e3o da qualidade. Procuramos activamente primeiro-a taxa de recursos para melhorar os nossos procedimentos de teste.<\/p>\n<h3 style=\"text-align: center;\"><strong><b>\u00a0<\/b><\/strong><strong><b>Inteligente de Melhorias para a Qualidade de Fabrica\u00e7\u00e3o<\/b><\/strong><\/h3>\n<p>A pr\u00e1tica de &#034;Intelligent Manufacturing&#034; \u00e9 uma for\u00e7a motriz por tr\u00e1s da nossa r\u00e1pido e cont\u00ednuo desenvolvimento. Esta perspectiva avan\u00e7ada vai sustentar a nossa cadeia de fornecimento da vantagem competitiva.<\/p>\n<p>&nbsp;<\/p>\n<p><strong>Notas<\/strong><br \/>\n\u00b7A imagem \u00e9 apenas para refer\u00eancia, consulte o recibo real.<br \/>\n\u00b7Cor do produto e par\u00e2metros de s\u00e3o apenas para refer\u00eancia, consulte a cita\u00e7\u00e3o e o produto real.<br \/>\n\u00b7O peso a partir de dados vai ser diferente, devido aos diferentes configura\u00e7\u00f5es.<br \/>\n\u00b7A dura\u00e7\u00e3o da bateria ir\u00e1 variar dependendo de como o computador \u00e9 usado ou configurado.<\/p>\n<div class=\"section mcb-section mcb-section-1m5jjfop8 default-width\" style=\"padding-top: 40px;\">\n<div class=\"section_wrapper mcb-section-inner mcb-section-inner-1m5jjfop8\">\n<div class=\"wrap mcb-wrap mcb-wrap-1e3leuypk one tablet-one mobile-one clearfix\" data-desktop-col=\"one\" data-tablet-col=\"tablet-one\" data-mobile-col=\"mobile-one\">\n<div class=\"mcb-wrap-inner mcb-wrap-inner-1e3leuypk\">\n<div class=\"column mcb-column mcb-item-muyaior45 one tablet-one mobile-one column_column\">\n<div class=\"mcb-column-inner mcb-column-inner-muyaior45 mcb-item-column-inner\">\n<div class=\"column_attr mfn-inline-editor clearfix\">\n<h2 style=\"font-style: normal; font-variant-ligatures: normal; font-variant-caps: normal; letter-spacing: normal; text-align: center;\">Contacte-nos<\/h2>\n<\/div>\n<\/div>\n<\/div>\n<div class=\"column mcb-column mcb-item-d612f7157 one-third tablet-one-third mobile-one column_list\">\n<div class=\"mcb-column-inner mcb-column-inner-d612f7157 mcb-item-list-inner\">\n<div class=\"list_item lists_2 clearfix\">\n<div class=\"list_left list_icon\"><\/div>\n<div class=\"list_right\">\n<div class=\"desc\">\n<p class=\"big\" style=\"padding-top: 12px; display: block; margin: 0;\">Tem alguma d\u00favida?<\/p>\n<h4><a href=\"mailto:info@aiwa-group.com\">info@aiwa-group.com<\/a><\/h4>\n<\/div>\n<\/div>\n<\/div>\n<\/div>\n<\/div>\n<div class=\"column mcb-column mcb-item-2d6498f98 one-third tablet-one-third mobile-one column_list\">\n<div class=\"mcb-column-inner mcb-column-inner-2d6498f98 mcb-item-list-inner\">\n<div class=\"list_item lists_2 clearfix\">\n<div class=\"list_left list_icon\"><\/div>\n<div class=\"list_right\">\n<div class=\"desc\">\n<p class=\"big\" style=\"padding-top: 12px; display: block; margin: 0;\">WhatsApp<\/p>\n<h4><a href=\"https:\/\/api.whatsapp.com\/send?phone=8619122692420\">+86 19122692420<\/a><\/h4>\n<\/div>\n<\/div>\n<\/div>\n<\/div>\n<\/div>\n<div class=\"column mcb-column mcb-item-0aab3c47f one-third tablet-one-third mobile-one column_list\">\n<div class=\"mcb-column-inner mcb-column-inner-0aab3c47f mcb-item-list-inner\">\n<div class=\"list_item lists_2 clearfix\">\n<div class=\"list_left list_icon\"><\/div>\n<div class=\"list_right\">\n<div class=\"desc\">\n<p class=\"big\" style=\"padding-top: 12px; display: block; margin: 0;\">Fax<\/p>\n<h4><a href=\"#\">+86 (023) 65755255<\/a><\/h4>\n<\/div>\n<\/div>\n<\/div>\n<\/div>\n<\/div>\n<\/div>\n<\/div>\n<\/div>\n<\/div>","protected":false},"excerpt":{"rendered":"<p>Tamanho Do Ecr\u00e3: 17.3 Polegadas<br \/>\nCPU: Intel Core i7-11800H<br \/>\nFrequ\u00eancia: 2.3 Ghz-4.6 Ghz<span class=\"\"><br \/>\n<\/span>N\u00facleo: 8<br \/>\nThread: 16<br \/>\nGPU: NVIDIA GeForce RTX 3060<br \/>\n<span class=\"\">Ecr\u00e3: 17.3 Polegadas 1920*1080 IPS 144HZ<\/span><br \/>\nRAM: DDR4 8GB\/16GB\/32GB<br \/>\nROM: SSD 512G\/1024G<br \/>\nSistema: Windows 10<br \/>\nWi-FI: Intel WIFI 6, 2, 4g e 5G<\/p>\n<p>&nbsp;<\/p>\n<p>&nbsp;<\/p>\n<div class=\"button_align align_left\"><a class=\"button  has-icon button_left button_size_3\" href=\"https:\/\/aiwaintl.com\/pt\/contact\/\"    ><span class=\"button_icon\"><i class=\"icon-email\"  aria-hidden=\"true\"><\/i><\/span><span class=\"button_label\">Cite Agora<\/span><\/a><\/div>","protected":false},"featured_media":730,"template":"","meta":{"om_disable_all_campaigns":false,"_monsterinsights_skip_tracking":false,"_monsterinsights_sitenote_active":false,"_monsterinsights_sitenote_note":"","_monsterinsights_sitenote_category":0},"product_brand":[],"product_cat":[66],"product_tag":[],"class_list":{"0":"post-645","1":"product","2":"type-product","3":"status-publish","4":"has-post-thumbnail","6":"product_cat-17-3-inch-laptop","8":"first","9":"instock","10":"taxable","11":"shipping-taxable","12":"product-type-simple"},"aioseo_notices":[],"_links":{"self":[{"href":"https:\/\/aiwaintl.com\/pt\/wp-json\/wp\/v2\/product\/645","targetHints":{"allow":["GET"]}}],"collection":[{"href":"https:\/\/aiwaintl.com\/pt\/wp-json\/wp\/v2\/product"}],"about":[{"href":"https:\/\/aiwaintl.com\/pt\/wp-json\/wp\/v2\/types\/product"}],"wp:featuredmedia":[{"embeddable":true,"href":"https:\/\/aiwaintl.com\/pt\/wp-json\/wp\/v2\/media\/730"}],"wp:attachment":[{"href":"https:\/\/aiwaintl.com\/pt\/wp-json\/wp\/v2\/media?parent=645"}],"wp:term":[{"taxonomy":"product_brand","embeddable":true,"href":"https:\/\/aiwaintl.com\/pt\/wp-json\/wp\/v2\/product_brand?post=645"},{"taxonomy":"product_cat","embeddable":true,"href":"https:\/\/aiwaintl.com\/pt\/wp-json\/wp\/v2\/product_cat?post=645"},{"taxonomy":"product_tag","embeddable":true,"href":"https:\/\/aiwaintl.com\/pt\/wp-json\/wp\/v2\/product_tag?post=645"}],"curies":[{"name":"wp","href":"https:\/\/api.w.org\/{rel}","templated":true}]}}