{"id":1669,"date":"2022-06-22T02:36:12","date_gmt":"2022-06-22T02:36:12","guid":{"rendered":"https:\/\/aiwaintl.com\/?post_type=product&#038;p=1669"},"modified":"2023-07-04T05:26:24","modified_gmt":"2023-07-04T05:26:24","slug":"15-6-inch-amd-ryzen-5-3500u-laptop-game-office","status":"publish","type":"product","link":"https:\/\/aiwaintl.com\/pt\/products\/15-6-inch-amd-ryzen-5-3500u-laptop-game-office\/","title":{"rendered":"15.6 Polegadas AMD Ryzen 5 3500U Port\u00e1til de Escrit\u00f3rio Jogo"},"content":{"rendered":"<h3 style=\"text-align: center;\"><strong><b>Material De Gest\u00e3o Da Qualidade<\/b><\/strong><\/h3>\n<p>N\u00f3s estabelecemos um sistema de gest\u00e3o integrado, para inspecionar a qualidade de todos os materiais utilizados em nosso hardware. Implementamos processos eficazes na sele\u00e7\u00e3o e certifica\u00e7\u00e3o de nossos fornecedores. Este processo garante que os nossos materiais de acordo com os elevados padr\u00f5es de nossos parceiros e clientes esperam.<\/p>\n<h3 style=\"text-align: center;\"><strong><b>Investiga\u00e7\u00e3o e Inova\u00e7\u00e3o para a Qualidade do Design<\/b><\/strong><\/h3>\n<p>Mesmo a qualidade dos nossos projetos passa por rigorosa an\u00e1lise t\u00e9cnica e testes. Nossos testes envolve a aplica\u00e7\u00e3o de m\u00e9todos avan\u00e7ados e ferramentas praticada no topo da camada de ind\u00fastrias em todo o mundo, a fim de garantir que os produtos s\u00e3o lan\u00e7ados somente ap\u00f3s a verifica\u00e7\u00e3o da qualidade. Procuramos activamente primeiro-a taxa de recursos para melhorar os nossos procedimentos de teste.<\/p>\n<h3 style=\"text-align: center;\"><strong><b>\u00a0<\/b><\/strong><strong><b>Inteligente de Melhorias para a Qualidade de Fabrica\u00e7\u00e3o<\/b><\/strong><\/h3>\n<p>A pr\u00e1tica de &#034;Intelligent Manufacturing&#034; \u00e9 uma for\u00e7a motriz por tr\u00e1s da nossa r\u00e1pido e cont\u00ednuo desenvolvimento. Esta perspectiva avan\u00e7ada vai sustentar a nossa cadeia de fornecimento da vantagem competitiva.<\/p>\n<h3 style=\"text-align: center;\"><strong>China para computador port\u00e1til f\u00e1brica<\/strong><\/h3>\n<p>Como um computador port\u00e1til fabricante na China, AIWA suporta a retalho e por grosso de computadores port\u00e1teis. Se a quantidade adquirida \u00e9 grande, n\u00f3s vamos dar um certo desconto em conformidade. Se voc\u00ea deseja obter uma cota\u00e7\u00e3o para mais produtos, por favor contacte-nos.<\/p>\n<p><strong>Notas<\/strong><br \/>\n\u00b7A imagem \u00e9 apenas para refer\u00eancia, consulte o recibo real.<br \/>\n\u00b7Cor do produto e par\u00e2metros de s\u00e3o apenas para refer\u00eancia, consulte a cita\u00e7\u00e3o e o produto real.<br \/>\n\u00b7O peso a partir de dados vai ser diferente, devido aos diferentes configura\u00e7\u00f5es.<br \/>\n\u00b7A dura\u00e7\u00e3o da bateria ir\u00e1 variar dependendo de como o computador \u00e9 usado ou configurado.<\/p>\n<div class=\"section mcb-section mcb-section-1m5jjfop8 default-width\" style=\"padding-top: 40px;\">\n<div class=\"section_wrapper mcb-section-inner mcb-section-inner-1m5jjfop8\">\n<div class=\"wrap mcb-wrap mcb-wrap-1e3leuypk one tablet-one mobile-one clearfix\" data-desktop-col=\"one\" data-tablet-col=\"tablet-one\" data-mobile-col=\"mobile-one\">\n<div class=\"mcb-wrap-inner mcb-wrap-inner-1e3leuypk\">\n<div class=\"column mcb-column mcb-item-muyaior45 one tablet-one mobile-one column_column\">\n<div class=\"mcb-column-inner mcb-column-inner-muyaior45 mcb-item-column-inner\">\n<div class=\"column_attr mfn-inline-editor clearfix\">\n<h2 style=\"font-style: normal; font-variant-ligatures: normal; font-variant-caps: normal; letter-spacing: normal; text-align: center;\">Contacte-nos<\/h2>\n<\/div>\n<\/div>\n<\/div>\n<div class=\"column mcb-column mcb-item-d612f7157 one-third tablet-one-third mobile-one column_list\">\n<div class=\"mcb-column-inner mcb-column-inner-d612f7157 mcb-item-list-inner\">\n<div class=\"list_item lists_2 clearfix\">\n<div class=\"list_left list_icon\"><\/div>\n<div class=\"list_right\">\n<div class=\"desc\">\n<p class=\"big\" style=\"padding-top: 12px; display: block; margin: 0;\">Tem alguma d\u00favida?<\/p>\n<h4><a href=\"mailto:info@aiwa-group.com\">info@aiwa-group.com<\/a><\/h4>\n<\/div>\n<\/div>\n<\/div>\n<\/div>\n<\/div>\n<div class=\"column mcb-column mcb-item-2d6498f98 one-third tablet-one-third mobile-one column_list\">\n<div class=\"mcb-column-inner mcb-column-inner-2d6498f98 mcb-item-list-inner\">\n<div class=\"list_item lists_2 clearfix\">\n<div class=\"list_left list_icon\"><\/div>\n<div class=\"list_right\">\n<div class=\"desc\">\n<p class=\"big\" style=\"padding-top: 12px; display: block; margin: 0;\">WhatsApp<\/p>\n<h4><a href=\"https:\/\/api.whatsapp.com\/send?phone=8619122692420\">+86 19122692420<\/a><\/h4>\n<\/div>\n<\/div>\n<\/div>\n<\/div>\n<\/div>\n<div class=\"column mcb-column mcb-item-0aab3c47f one-third tablet-one-third mobile-one column_list\">\n<div class=\"mcb-column-inner mcb-column-inner-0aab3c47f mcb-item-list-inner\">\n<div class=\"list_item lists_2 clearfix\">\n<div class=\"list_left list_icon\"><\/div>\n<div class=\"list_right\">\n<div class=\"desc\">\n<p class=\"big\" style=\"padding-top: 12px; display: block; margin: 0;\">Fax<\/p>\n<h4><a href=\"#\">+86 (023) 65755255<\/a><\/h4>\n<\/div>\n<\/div>\n<\/div>\n<\/div>\n<\/div>\n<\/div>\n<\/div>\n<\/div>\n<\/div>","protected":false},"excerpt":{"rendered":"<p>Tela: 15.6&#034;, resolu\u00e7\u00e3o 1920*1080 IPS<br \/>\nCPU: AMD R5-3500U<br \/>\nFrequ\u00eancia: 2.1 Ghz-3,7 Ghz<br \/>\nN\u00facleo: 4<br \/>\nSegmento: 8<br \/>\nGPU: Radeon Vega 8 Gr\u00e1ficos<br \/>\nMEM\u00d3RIA RAM: 8GB\/12GB\/20GB DDR4<br \/>\nROM: SSD DE 128GB\/256GB\/512GB\/1TB<br \/>\nIdentifica\u00e7\u00e3o de impress\u00e3o digital: suporte<br \/>\nCor: Sliver\/Personalizado<br \/>\nSistema: Windows 10<br \/>\nMaterial de Shell: alum\u00ednio de Avia\u00e7\u00e3o liga<br \/>\nUso: Jogos\/Home\/Neg\u00f3cios<\/p>\n<p>&nbsp;<\/p>\n<div class=\"button_align align_left\"><a class=\"button  has-icon button_left button_size_3\" href=\"https:\/\/aiwaintl.com\/pt\/contact\/\"    ><span class=\"button_icon\"><i class=\"icon-email\"  aria-hidden=\"true\"><\/i><\/span><span class=\"button_label\">Cite Agora<\/span><\/a><\/div>","protected":false},"featured_media":1684,"template":"","meta":{"om_disable_all_campaigns":false,"_monsterinsights_skip_tracking":false,"_monsterinsights_sitenote_active":false,"_monsterinsights_sitenote_note":"","_monsterinsights_sitenote_category":0},"product_brand":[],"product_cat":[59,65],"product_tag":[],"class_list":{"0":"post-1669","1":"product","2":"type-product","3":"status-publish","4":"has-post-thumbnail","6":"product_cat-laptop","7":"product_cat-15-6-inch-laptop","9":"first","10":"instock","11":"taxable","12":"shipping-taxable","13":"product-type-simple"},"aioseo_notices":[],"_links":{"self":[{"href":"https:\/\/aiwaintl.com\/pt\/wp-json\/wp\/v2\/product\/1669","targetHints":{"allow":["GET"]}}],"collection":[{"href":"https:\/\/aiwaintl.com\/pt\/wp-json\/wp\/v2\/product"}],"about":[{"href":"https:\/\/aiwaintl.com\/pt\/wp-json\/wp\/v2\/types\/product"}],"wp:featuredmedia":[{"embeddable":true,"href":"https:\/\/aiwaintl.com\/pt\/wp-json\/wp\/v2\/media\/1684"}],"wp:attachment":[{"href":"https:\/\/aiwaintl.com\/pt\/wp-json\/wp\/v2\/media?parent=1669"}],"wp:term":[{"taxonomy":"product_brand","embeddable":true,"href":"https:\/\/aiwaintl.com\/pt\/wp-json\/wp\/v2\/product_brand?post=1669"},{"taxonomy":"product_cat","embeddable":true,"href":"https:\/\/aiwaintl.com\/pt\/wp-json\/wp\/v2\/product_cat?post=1669"},{"taxonomy":"product_tag","embeddable":true,"href":"https:\/\/aiwaintl.com\/pt\/wp-json\/wp\/v2\/product_tag?post=1669"}],"curies":[{"name":"wp","href":"https:\/\/api.w.org\/{rel}","templated":true}]}}