{"id":781,"date":"2022-01-18T08:46:18","date_gmt":"2022-01-18T08:46:18","guid":{"rendered":"https:\/\/aiwaintl.com\/?post_type=product&#038;p=781"},"modified":"2023-07-04T05:28:04","modified_gmt":"2023-07-04T05:28:04","slug":"10-1-inch-32gb-wi-fi-android-9-0-tablet-oem-odm-color","status":"publish","type":"product","link":"https:\/\/aiwaintl.com\/es\/products\/10-1-inch-32gb-wi-fi-android-9-0-tablet-oem-odm-color\/","title":{"rendered":"10.1 Pulgadas Android 9.0 Tableta"},"content":{"rendered":"<table>\n<tbody>\n<tr>\n<td width=\"181\"><strong><b>Marca<\/b><\/strong><\/td>\n<td width=\"493\">AIWA<\/td>\n<\/tr>\n<tr>\n<td width=\"181\"><strong><b>El Tama\u00f1o De La Pantalla<\/b><\/strong><\/td>\n<td width=\"493\">10.1 Pulgadas<\/td>\n<\/tr>\n<tr>\n<td width=\"181\"><strong><b>Sistema Operativo<\/b><\/strong><\/td>\n<td width=\"493\">Android 5.1\/ Android 9.0<\/td>\n<\/tr>\n<tr>\n<td width=\"181\"><strong><b>Memoria Capacidad De Almacenamiento<\/b><\/strong><\/td>\n<td width=\"493\">16GB, 32GB<\/td>\n<\/tr>\n<tr>\n<td width=\"181\"><strong><b>Tecnolog\u00eda De Comunicaci\u00f3n Inal\u00e1mbrica<\/b><\/strong><\/td>\n<td width=\"493\">Wi-Fi+3G, Wi-Fi+4G<\/td>\n<\/tr>\n<\/tbody>\n<\/table>\n<p>Acerca de este tema<\/p>\n<p>PANTALLA: Ver m\u00e1s de su contenido favorito en la 10.1 pulgadas de pantalla que reduce al m\u00ednimo los biseles para un m\u00e1ximo de vista de la capacidad. Y con un peso ligero, resistente de dise\u00f1o, usted puede tomar su vista alrededor de la casa o sobre la marcha<br \/>\nLa VIDA de la BATER\u00cdA: TAB-02 tiene m\u00e1s poder de lo que cabr\u00eda esperar en un dispositivo de este elegante. El 4000mAh de la bater\u00eda le da la libertad para olvidarse de su cargador para largos per\u00edodos de tiempo cuando usted tiene un lugar para ir o mucho que ver<br \/>\nALMACENAMIENTO: Mantener todas tus cosas favoritas al alcance de la mano, incluyendo canciones, fotos, v\u00eddeos y m\u00e1s con 32GB de memoria interna y hasta 512 GB de memoria ampliable con tarjeta microSD externa<br \/>\nIMPRESIONANTE C\u00c1MARAS: Tomar fresco, cautivando a las fotos con la trasera frente a la c\u00e1mara de 5MP, o mirar impresionante en selfies y los chats de v\u00eddeo con la c\u00e1mara frontal<\/p>\n<div class=\"section mcb-section mcb-section-1m5jjfop8 default-width\" style=\"padding-top: 40px;\">\n<div class=\"section_wrapper mcb-section-inner mcb-section-inner-1m5jjfop8\">\n<div class=\"wrap mcb-wrap mcb-wrap-1e3leuypk one tablet-one mobile-one clearfix\" data-desktop-col=\"one\" data-tablet-col=\"tablet-one\" data-mobile-col=\"mobile-one\">\n<div class=\"mcb-wrap-inner mcb-wrap-inner-1e3leuypk\">\n<div class=\"column mcb-column mcb-item-muyaior45 one tablet-one mobile-one column_column\">\n<div class=\"mcb-column-inner mcb-column-inner-muyaior45 mcb-item-column-inner\">\n<div class=\"column_attr mfn-inline-editor clearfix\">\n<h2 style=\"font-style: normal; font-variant-ligatures: normal; font-variant-caps: normal; letter-spacing: normal; text-align: center;\">P\u00f3ngase en contacto con nosotros<\/h2>\n<\/div>\n<\/div>\n<\/div>\n<div class=\"column mcb-column mcb-item-d612f7157 one-third tablet-one-third mobile-one column_list\">\n<div class=\"mcb-column-inner mcb-column-inner-d612f7157 mcb-item-list-inner\">\n<div class=\"list_item lists_2 clearfix\">\n<div class=\"list_left list_icon\"><\/div>\n<div class=\"list_right\">\n<div class=\"desc\">\n<p class=\"big\" style=\"padding-top: 12px; display: block; margin: 0;\">\u00bfTiene alguna pregunta?<\/p>\n<h4><a href=\"mailto:info@aiwa-group.com\">info@aiwa-group.com<\/a><\/h4>\n<\/div>\n<\/div>\n<\/div>\n<\/div>\n<\/div>\n<div class=\"column mcb-column mcb-item-2d6498f98 one-third tablet-one-third mobile-one column_list\">\n<div class=\"mcb-column-inner mcb-column-inner-2d6498f98 mcb-item-list-inner\">\n<div class=\"list_item lists_2 clearfix\">\n<div class=\"list_left list_icon\"><\/div>\n<div class=\"list_right\">\n<div class=\"desc\">\n<p class=\"big\" style=\"padding-top: 12px; display: block; margin: 0;\">WhatsApp<\/p>\n<h4><a href=\"https:\/\/api.whatsapp.com\/send?phone=8619122692420\">+86 19122692420<\/a><\/h4>\n<\/div>\n<\/div>\n<\/div>\n<\/div>\n<\/div>\n<div class=\"column mcb-column mcb-item-0aab3c47f one-third tablet-one-third mobile-one column_list\">\n<div class=\"mcb-column-inner mcb-column-inner-0aab3c47f mcb-item-list-inner\">\n<div class=\"list_item lists_2 clearfix\">\n<div class=\"list_left list_icon\"><\/div>\n<div class=\"list_right\">\n<div class=\"desc\">\n<p class=\"big\" style=\"padding-top: 12px; display: block; margin: 0;\">Fax<\/p>\n<h4><a href=\"#\">+86 (023) 65755255<\/a><\/h4>\n<\/div>\n<\/div>\n<\/div>\n<\/div>\n<\/div>\n<\/div>\n<\/div>\n<\/div>\n<\/div>","protected":false},"excerpt":{"rendered":"<p>TAB-02<\/p>\n<p>Pantalla: 10.1 pulgadas de 800*1280 IPS<\/p>\n<p>OS\uff1aAndroid 5.1; Android 9.0<\/p>\n<p>CPU: MTK6592 octa-core (1.7-2.0 Ghz);<br \/>\nSC9863 octa-core (1.6 Ghz)<\/p>\n<p>RAM\uff1a1GB ; 2GB<\/p>\n<p>ROM\uff1a16 GB; 32GB<\/p>\n<p>C\u00e1mara: 0.3 MP Frontal +2MP Raro;Frontal de 2MP +5MP Raras<\/p>\n<p>De red: wi-fi, 4G ,3G<\/p>\n<p>De la bater\u00eda: 4000mAh<\/p>\n<p>&nbsp;<\/p>\n<p>&nbsp;<\/p>\n<div class=\"button_align align_left\"><a class=\"button  has-icon button_left button_size_3\" href=\"https:\/\/aiwaintl.com\/es\/contact\/\"    ><span class=\"button_icon\"><i class=\"icon-email\"  aria-hidden=\"true\"><\/i><\/span><span class=\"button_label\">Cita Ahora<\/span><\/a><\/div>","protected":false},"featured_media":782,"template":"","meta":{"om_disable_all_campaigns":false,"_monsterinsights_skip_tracking":false,"_monsterinsights_sitenote_active":false,"_monsterinsights_sitenote_note":"","_monsterinsights_sitenote_category":0},"product_brand":[],"product_cat":[60],"product_tag":[],"class_list":{"0":"post-781","1":"product","2":"type-product","3":"status-publish","4":"has-post-thumbnail","6":"product_cat-tablet-pc","8":"first","9":"instock","10":"taxable","11":"shipping-taxable","12":"product-type-simple"},"aioseo_notices":[],"_links":{"self":[{"href":"https:\/\/aiwaintl.com\/es\/wp-json\/wp\/v2\/product\/781","targetHints":{"allow":["GET"]}}],"collection":[{"href":"https:\/\/aiwaintl.com\/es\/wp-json\/wp\/v2\/product"}],"about":[{"href":"https:\/\/aiwaintl.com\/es\/wp-json\/wp\/v2\/types\/product"}],"wp:featuredmedia":[{"embeddable":true,"href":"https:\/\/aiwaintl.com\/es\/wp-json\/wp\/v2\/media\/782"}],"wp:attachment":[{"href":"https:\/\/aiwaintl.com\/es\/wp-json\/wp\/v2\/media?parent=781"}],"wp:term":[{"taxonomy":"product_brand","embeddable":true,"href":"https:\/\/aiwaintl.com\/es\/wp-json\/wp\/v2\/product_brand?post=781"},{"taxonomy":"product_cat","embeddable":true,"href":"https:\/\/aiwaintl.com\/es\/wp-json\/wp\/v2\/product_cat?post=781"},{"taxonomy":"product_tag","embeddable":true,"href":"https:\/\/aiwaintl.com\/es\/wp-json\/wp\/v2\/product_tag?post=781"}],"curies":[{"name":"wp","href":"https:\/\/api.w.org\/{rel}","templated":true}]}}