{"id":769,"date":"2022-01-18T08:24:11","date_gmt":"2022-01-18T08:24:11","guid":{"rendered":"https:\/\/aiwaintl.com\/?post_type=product&#038;p=769"},"modified":"2023-07-04T05:30:21","modified_gmt":"2023-07-04T05:30:21","slug":"fhd-10-1-inch-windows-10-4gb-64gb-128gb-2-in-1-tablet","status":"publish","type":"product","link":"https:\/\/aiwaintl.com\/es\/products\/fhd-10-1-inch-windows-10-4gb-64gb-128gb-2-in-1-tablet\/","title":{"rendered":"10.1 pulgadas de Windows 10 Tableta ( 2 en 1)"},"content":{"rendered":"<table>\n<tbody>\n<tr>\n<td width=\"168\"><strong><b>Marca<\/b><\/strong><\/td>\n<td width=\"475\">AIWA<\/td>\n<\/tr>\n<tr>\n<td width=\"168\"><strong><b>El Tama\u00f1o De La Pantalla<\/b><\/strong><\/td>\n<td width=\"475\">10 Pulgadas (2 en 1 )<\/td>\n<\/tr>\n<tr>\n<td width=\"168\"><strong><b>Sistema Operativo<\/b><\/strong><\/td>\n<td width=\"475\">Windows 10<\/td>\n<\/tr>\n<tr>\n<td width=\"168\"><strong><b>Memoria Capacidad De Almacenamiento<\/b><\/strong><\/td>\n<td width=\"475\">32 GB, 64 GB, 128 GB<\/td>\n<\/tr>\n<tr>\n<td width=\"168\"><strong><b>Tecnolog\u00eda De Comunicaci\u00f3n Inal\u00e1mbrica<\/b><\/strong><\/td>\n<td width=\"475\">Wi-Fi<\/td>\n<\/tr>\n<\/tbody>\n<\/table>\n<p>&nbsp;<\/p>\n<p>Acerca de este tema<br \/>\n\u3010Potente y Mega Espacio de Almacenamiento\u3011 Este 10.1&#034; tablet equipada con el procesador Intel Z8350 de la CPU (hasta 2.6 GHz) , 4GB DDR3 y 128 GB de eMMC, M\u00e1s espacio en la memoria de la generaci\u00f3n anterior para obtener m\u00e1s de su estudio, el trabajo y el juego necesita. La tableta de la capacidad de almacenamiento que abastece de m\u00e1s espacio de almacenamiento para programas grandes.<br \/>\n\u3010Multi-funci\u00f3n de la Tableta\u3011Esto de los ordenadores port\u00e1tiles desmontable teclado ingl\u00e9s ,y el soporte ajustable de soporte puede apoyar la tablet de pie \u00e1ngulo de max a 145\u00b0. El poderoso 7500mAh de la bater\u00eda le permite jugar todo el d\u00eda, disfrutar de entretenimiento en cualquier momento, en cualquier lugar sin tener que preocuparse acerca de la pr\u00f3xima carga.<br \/>\n\u3010Windows 10 Hmoe\u3011Este 2 en 1 tablet funciona con Windows 10 Hmoe, que simplificado para la seguridad y el rendimiento, mientras que la prestaci\u00f3n de un familiar de la experiencia de Windows. Para aumentar la seguridad, s\u00f3lo permite descargar aplicaciones desde la Tienda de Microsoft, y requiere Microsoft Borde para una navegaci\u00f3n segura.<br \/>\n\u3010Pantalla Full HD\u3011Tablet 10. 1 pulgadas utiliza una resoluci\u00f3n de 1280\u00d7800 p\u00edxeles de pantalla IPS, con doble altavoz est\u00e9reo tablet PC, 2MP trasera y frontal de 2MP, y ultra-lujo de doble configuraci\u00f3n de la c\u00e1mara, que responda plenamente a las diarias necesidades fotogr\u00e1ficas. Ofrece una imagen clara y brillante, colores vivos y espl\u00e9ndida experiencia visual. El multi-t\u00e1ctil soluci\u00f3n puede rastrear hasta 10 toques simult\u00e1neos. Ideal para la visualizaci\u00f3n de presentaciones, video-conferencia, leer libros electr\u00f3nicos, ver pel\u00edculas, compartir fotos y m\u00e1s.<\/p>\n<div class=\"section mcb-section mcb-section-1m5jjfop8 default-width\" style=\"padding-top: 40px;\">\n<div class=\"section_wrapper mcb-section-inner mcb-section-inner-1m5jjfop8\">\n<div class=\"wrap mcb-wrap mcb-wrap-1e3leuypk one tablet-one mobile-one clearfix\" data-desktop-col=\"one\" data-tablet-col=\"tablet-one\" data-mobile-col=\"mobile-one\">\n<div class=\"mcb-wrap-inner mcb-wrap-inner-1e3leuypk\">\n<div class=\"column mcb-column mcb-item-muyaior45 one tablet-one mobile-one column_column\">\n<div class=\"mcb-column-inner mcb-column-inner-muyaior45 mcb-item-column-inner\">\n<div class=\"column_attr mfn-inline-editor clearfix\">\n<h2 style=\"font-style: normal; font-variant-ligatures: normal; font-variant-caps: normal; letter-spacing: normal; text-align: center;\">P\u00f3ngase en contacto con nosotros<\/h2>\n<\/div>\n<\/div>\n<\/div>\n<div class=\"column mcb-column mcb-item-d612f7157 one-third tablet-one-third mobile-one column_list\">\n<div class=\"mcb-column-inner mcb-column-inner-d612f7157 mcb-item-list-inner\">\n<div class=\"list_item lists_2 clearfix\">\n<div class=\"list_left list_icon\"><\/div>\n<div class=\"list_right\">\n<div class=\"desc\">\n<p class=\"big\" style=\"padding-top: 12px; display: block; margin: 0;\">\u00bfTiene alguna pregunta?<\/p>\n<h4><a href=\"mailto:info@aiwa-group.com\">info@aiwa-group.com<\/a><\/h4>\n<\/div>\n<\/div>\n<\/div>\n<\/div>\n<\/div>\n<div class=\"column mcb-column mcb-item-2d6498f98 one-third tablet-one-third mobile-one column_list\">\n<div class=\"mcb-column-inner mcb-column-inner-2d6498f98 mcb-item-list-inner\">\n<div class=\"list_item lists_2 clearfix\">\n<div class=\"list_left list_icon\"><\/div>\n<div class=\"list_right\">\n<div class=\"desc\">\n<p class=\"big\" style=\"padding-top: 12px; display: block; margin: 0;\">WhatsApp<\/p>\n<h4><a href=\"https:\/\/api.whatsapp.com\/send?phone=8619122692420\">+86 19122692420<\/a><\/h4>\n<\/div>\n<\/div>\n<\/div>\n<\/div>\n<\/div>\n<div class=\"column mcb-column mcb-item-0aab3c47f one-third tablet-one-third mobile-one column_list\">\n<div class=\"mcb-column-inner mcb-column-inner-0aab3c47f mcb-item-list-inner\">\n<div class=\"list_item lists_2 clearfix\">\n<div class=\"list_left list_icon\"><\/div>\n<div class=\"list_right\">\n<div class=\"desc\">\n<p class=\"big\" style=\"padding-top: 12px; display: block; margin: 0;\">Fax<\/p>\n<h4><a href=\"#\">+86 (023) 65755255<\/a><\/h4>\n<\/div>\n<\/div>\n<\/div>\n<\/div>\n<\/div>\n<\/div>\n<\/div>\n<\/div>\n<\/div>","protected":false},"excerpt":{"rendered":"<p>TAB-08( 2 EN 1 )<\/p>\n<p>Pantalla: 10.1 pulgadas de 800*1280 IPS<\/p>\n<p>OS\uff1aWindows 10<\/p>\n<p>CPU: Intel Atom Z8300 quad-core(1.44-1.84 Ghz)<\/p>\n<p>RAM: LA DE 4GB<\/p>\n<p>ROM\uff1a32 GB, 64 GB, 128 GB<\/p>\n<p>C\u00e1mara: c\u00e1mara Frontal de 2MP + 2MP Raras<\/p>\n<p>Red: Wifi<\/p>\n<p>Bater\u00eda: 7500mAH<\/p>\n<p>&nbsp;<\/p>\n<p>&nbsp;<\/p>\n<div class=\"button_align align_left\"><a class=\"button  has-icon button_left button_size_3\" href=\"https:\/\/aiwaintl.com\/es\/contact\/\"    ><span class=\"button_icon\"><i class=\"icon-email\"  aria-hidden=\"true\"><\/i><\/span><span class=\"button_label\">Cita Ahora<\/span><\/a><\/div>","protected":false},"featured_media":770,"template":"","meta":{"om_disable_all_campaigns":false,"_monsterinsights_skip_tracking":false,"_monsterinsights_sitenote_active":false,"_monsterinsights_sitenote_note":"","_monsterinsights_sitenote_category":0},"product_brand":[],"product_cat":[60],"product_tag":[],"class_list":{"0":"post-769","1":"product","2":"type-product","3":"status-publish","4":"has-post-thumbnail","6":"product_cat-tablet-pc","8":"first","9":"instock","10":"taxable","11":"shipping-taxable","12":"product-type-simple"},"aioseo_notices":[],"_links":{"self":[{"href":"https:\/\/aiwaintl.com\/es\/wp-json\/wp\/v2\/product\/769","targetHints":{"allow":["GET"]}}],"collection":[{"href":"https:\/\/aiwaintl.com\/es\/wp-json\/wp\/v2\/product"}],"about":[{"href":"https:\/\/aiwaintl.com\/es\/wp-json\/wp\/v2\/types\/product"}],"wp:featuredmedia":[{"embeddable":true,"href":"https:\/\/aiwaintl.com\/es\/wp-json\/wp\/v2\/media\/770"}],"wp:attachment":[{"href":"https:\/\/aiwaintl.com\/es\/wp-json\/wp\/v2\/media?parent=769"}],"wp:term":[{"taxonomy":"product_brand","embeddable":true,"href":"https:\/\/aiwaintl.com\/es\/wp-json\/wp\/v2\/product_brand?post=769"},{"taxonomy":"product_cat","embeddable":true,"href":"https:\/\/aiwaintl.com\/es\/wp-json\/wp\/v2\/product_cat?post=769"},{"taxonomy":"product_tag","embeddable":true,"href":"https:\/\/aiwaintl.com\/es\/wp-json\/wp\/v2\/product_tag?post=769"}],"curies":[{"name":"wp","href":"https:\/\/api.w.org\/{rel}","templated":true}]}}