{"id":763,"date":"2022-01-18T07:55:33","date_gmt":"2022-01-18T07:55:33","guid":{"rendered":"https:\/\/aiwaintl.com\/?post_type=product&#038;p=763"},"modified":"2023-07-04T05:30:26","modified_gmt":"2023-07-04T05:30:26","slug":"fhd-10-inch-tablet-android-464gb-2-in-1","status":"publish","type":"product","link":"https:\/\/aiwaintl.com\/es\/products\/fhd-10-inch-tablet-android-464gb-2-in-1\/","title":{"rendered":"10 .1 pulgadas Android 8.0 Tableta (2 en 1)"},"content":{"rendered":"<table>\n<tbody>\n<tr>\n<td width=\"174\"><strong><b>Marca<\/b><\/strong><\/td>\n<td width=\"492\">AIWA<\/td>\n<\/tr>\n<tr>\n<td width=\"174\"><strong><b>El Tama\u00f1o De La Pantalla<\/b><\/strong><\/td>\n<td width=\"492\">10.1 Pulgadas<\/td>\n<\/tr>\n<tr>\n<td width=\"174\"><strong><b>Sistema Operativo<\/b><\/strong><\/td>\n<td width=\"492\">Android 8<\/td>\n<\/tr>\n<tr>\n<td width=\"174\"><strong><b>Memoria Capacidad De Almacenamiento<\/b><\/strong><\/td>\n<td width=\"492\">64 GB<\/td>\n<\/tr>\n<tr>\n<td width=\"174\"><strong><b>Tecnolog\u00eda De Comunicaci\u00f3n Inal\u00e1mbrica<\/b><\/strong><\/td>\n<td width=\"492\">Wi-Fi+4G<\/td>\n<\/tr>\n<\/tbody>\n<\/table>\n<p>&nbsp;<\/p>\n<p>\u3010Una Pantalla Todo el mundo el Amor \u3011Si su familia es de streaming de v\u00eddeo o charlar con los amigos, la AIWO-FICHA-10 tablet trae lo mejor en cada momento en un 10,1&#034; de pantalla LCD<\/p>\n<p>\u3010Poder y de Almacenamiento para Todos los \u3011 Obtener el poder, el almacenamiento y la velocidad de las necesidades de su familia con un mejorado sistema de chipset y un mont\u00f3n de espacio para guardar archivos de hasta 64 gb de almacenamiento, Una bater\u00eda de larga duraci\u00f3n te permite ir desenchufado durante horas para mantener a la familia diversi\u00f3n<\/p>\n<p>\u3010Carga R\u00e1pida, el Poder de Horas\u3011 Van por horas en una sola carga, y de vuelta al 100% con la carga r\u00e1pida USB puerto C; La 6000mAh bater\u00eda de pol\u00edmero de litio y de baja potencia de la CPU mejorar su experiencia y le permite disfrutar de hasta 12 horas de mezclado para leer, ver V\u00eddeos, navegar por la web, jugar juegos de luz y m\u00e1s. Realmente es un buen compa\u00f1ero para su ocio y entretenimiento.<\/p>\n<p>\u3010Dual C\u00e1maras y Altavoces\u3011 Con Frontal de 5.0 MP y Trasera de 8.0 MP c\u00e1mara dual, que iba a llevar tus fotos y v\u00eddeos a la vida. FICHA-10 notable de la tableta de la mayor\u00eda de los rivales de la tableta de 10 pulgadas, y es conveniente para tomar fotos, capturar y compartir esos momentos especiales con tu familia y amigos. En comparaci\u00f3n con la mayor\u00eda de tabletas de 10.1&#034;, el Google tablet est\u00e1 equipado con doble altavoces, que lleva m\u00e1s de audio de gran alcance. Satisfacer sus necesidades diarias, tales como ver videos en vivo, juegos de pelota, el art\u00edculo<\/p>\n<p>\u3010Brillante Pantalla IPS\u3011AIWA Ficha-10 de 10 pulgadas de tablet PC adopta una resoluci\u00f3n de 1280 x 800 brillante HD IPS de la pantalla. Este gran juego de tablet tiene un mayor jerarqu\u00eda de im\u00e1genes y colores m\u00e1s ricos, y proporciona sorprendente rendimiento de la experiencia visual. Con la Salud Ocular modo, una caracter\u00edstica extra que filtra la luz azul para aliviar la fatiga visual, y optimiza la retroiluminaci\u00f3n para una lectura m\u00e1s c\u00f3moda la experiencia.<\/p>\n<div class=\"section mcb-section mcb-section-1m5jjfop8 default-width\" style=\"padding-top: 40px;\">\n<div class=\"section_wrapper mcb-section-inner mcb-section-inner-1m5jjfop8\">\n<div class=\"wrap mcb-wrap mcb-wrap-1e3leuypk one tablet-one mobile-one clearfix\" data-desktop-col=\"one\" data-tablet-col=\"tablet-one\" data-mobile-col=\"mobile-one\">\n<div class=\"mcb-wrap-inner mcb-wrap-inner-1e3leuypk\">\n<div class=\"column mcb-column mcb-item-muyaior45 one tablet-one mobile-one column_column\">\n<div class=\"mcb-column-inner mcb-column-inner-muyaior45 mcb-item-column-inner\">\n<div class=\"column_attr mfn-inline-editor clearfix\">\n<h2 style=\"font-style: normal; font-variant-ligatures: normal; font-variant-caps: normal; letter-spacing: normal; text-align: center;\">P\u00f3ngase en contacto con nosotros<\/h2>\n<\/div>\n<\/div>\n<\/div>\n<div class=\"column mcb-column mcb-item-d612f7157 one-third tablet-one-third mobile-one column_list\">\n<div class=\"mcb-column-inner mcb-column-inner-d612f7157 mcb-item-list-inner\">\n<div class=\"list_item lists_2 clearfix\">\n<div class=\"list_left list_icon\"><\/div>\n<div class=\"list_right\">\n<div class=\"desc\">\n<p class=\"big\" style=\"padding-top: 12px; display: block; margin: 0;\">\u00bfTiene alguna pregunta?<\/p>\n<h4><a href=\"mailto:info@aiwa-group.com\">info@aiwa-group.com<\/a><\/h4>\n<\/div>\n<\/div>\n<\/div>\n<\/div>\n<\/div>\n<div class=\"column mcb-column mcb-item-2d6498f98 one-third tablet-one-third mobile-one column_list\">\n<div class=\"mcb-column-inner mcb-column-inner-2d6498f98 mcb-item-list-inner\">\n<div class=\"list_item lists_2 clearfix\">\n<div class=\"list_left list_icon\"><\/div>\n<div class=\"list_right\">\n<div class=\"desc\">\n<p class=\"big\" style=\"padding-top: 12px; display: block; margin: 0;\">WhatsApp<\/p>\n<h4><a href=\"https:\/\/api.whatsapp.com\/send?phone=8619122692420\">+86 19122692420<\/a><\/h4>\n<\/div>\n<\/div>\n<\/div>\n<\/div>\n<\/div>\n<div class=\"column mcb-column mcb-item-0aab3c47f one-third tablet-one-third mobile-one column_list\">\n<div class=\"mcb-column-inner mcb-column-inner-0aab3c47f mcb-item-list-inner\">\n<div class=\"list_item lists_2 clearfix\">\n<div class=\"list_left list_icon\"><\/div>\n<div class=\"list_right\">\n<div class=\"desc\">\n<p class=\"big\" style=\"padding-top: 12px; display: block; margin: 0;\">Fax<\/p>\n<h4><a href=\"#\">+86 (023) 65755255<\/a><\/h4>\n<\/div>\n<\/div>\n<\/div>\n<\/div>\n<\/div>\n<\/div>\n<\/div>\n<\/div>\n<\/div>","protected":false},"excerpt":{"rendered":"<p>TAB-10 \uff082 en 1\uff09<\/p>\n<p>Pantalla: 10.1 pulgadas de 800*1280 IPS<\/p>\n<p>OS\uff1aAndroid 8<\/p>\n<p>CPU: MTK X30 Quad-core \uff082.0 GHz)<\/p>\n<p>RAM\uff1a2GB\uff0c 4GB<\/p>\n<p>ROM\uff1a64GB\uff0c 128GB<\/p>\n<p>C\u00e1mara: 5MP Frontal + 8MP Raras<\/p>\n<p>De red: wi-fi, 4G<\/p>\n<p>Bater\u00eda: 7480mAh<\/p>\n<p>&nbsp;<\/p>\n<div class=\"button_align align_left\"><a class=\"button  has-icon button_left button_size_3\" href=\"https:\/\/aiwaintl.com\/es\/contact\/\"    ><span class=\"button_icon\"><i class=\"icon-email\"  aria-hidden=\"true\"><\/i><\/span><span class=\"button_label\">Cita Ahora<\/span><\/a><\/div>","protected":false},"featured_media":764,"template":"","meta":{"om_disable_all_campaigns":false,"_monsterinsights_skip_tracking":false,"_monsterinsights_sitenote_active":false,"_monsterinsights_sitenote_note":"","_monsterinsights_sitenote_category":0},"product_brand":[],"product_cat":[60],"product_tag":[],"class_list":{"0":"post-763","1":"product","2":"type-product","3":"status-publish","4":"has-post-thumbnail","6":"product_cat-tablet-pc","8":"first","9":"instock","10":"taxable","11":"shipping-taxable","12":"product-type-simple"},"aioseo_notices":[],"_links":{"self":[{"href":"https:\/\/aiwaintl.com\/es\/wp-json\/wp\/v2\/product\/763","targetHints":{"allow":["GET"]}}],"collection":[{"href":"https:\/\/aiwaintl.com\/es\/wp-json\/wp\/v2\/product"}],"about":[{"href":"https:\/\/aiwaintl.com\/es\/wp-json\/wp\/v2\/types\/product"}],"wp:featuredmedia":[{"embeddable":true,"href":"https:\/\/aiwaintl.com\/es\/wp-json\/wp\/v2\/media\/764"}],"wp:attachment":[{"href":"https:\/\/aiwaintl.com\/es\/wp-json\/wp\/v2\/media?parent=763"}],"wp:term":[{"taxonomy":"product_brand","embeddable":true,"href":"https:\/\/aiwaintl.com\/es\/wp-json\/wp\/v2\/product_brand?post=763"},{"taxonomy":"product_cat","embeddable":true,"href":"https:\/\/aiwaintl.com\/es\/wp-json\/wp\/v2\/product_cat?post=763"},{"taxonomy":"product_tag","embeddable":true,"href":"https:\/\/aiwaintl.com\/es\/wp-json\/wp\/v2\/product_tag?post=763"}],"curies":[{"name":"wp","href":"https:\/\/api.w.org\/{rel}","templated":true}]}}