{"id":755,"date":"2022-01-18T07:41:15","date_gmt":"2022-01-18T07:41:15","guid":{"rendered":"https:\/\/aiwaintl.com\/?post_type=product&#038;p=755"},"modified":"2023-07-04T05:30:31","modified_gmt":"2023-07-04T05:30:31","slug":"tab-11","status":"publish","type":"product","link":"https:\/\/aiwaintl.com\/es\/products\/tab-11\/","title":{"rendered":"10 .1 pulgadas Android 1 1 Tableta (2 en 1)"},"content":{"rendered":"<table>\n<tbody>\n<tr>\n<td width=\"168\"><strong><b>Marca<\/b><\/strong><\/td>\n<td width=\"475\">AIWA<\/td>\n<\/tr>\n<tr>\n<td width=\"168\"><strong><b>El Tama\u00f1o De La Pantalla<\/b><\/strong><\/td>\n<td width=\"475\">10.1 Pulgadas<\/td>\n<\/tr>\n<tr>\n<td width=\"168\"><strong><b>Sistema Operativo<\/b><\/strong><\/td>\n<td width=\"475\">Android 11<\/td>\n<\/tr>\n<tr>\n<td width=\"168\"><strong><b>Memoria Capacidad De Almacenamiento<\/b><\/strong><\/td>\n<td width=\"475\">64 GB, 128 GB<\/td>\n<\/tr>\n<tr>\n<td width=\"168\"><strong><b>Tecnolog\u00eda De Comunicaci\u00f3n Inal\u00e1mbrica<\/b><\/strong><\/td>\n<td width=\"475\">Wi-Fi+ 4G<\/td>\n<\/tr>\n<\/tbody>\n<\/table>\n<p>&nbsp;<\/p>\n<p>Acerca de este tema<\/p>\n<p>\u3010DISE\u00d1O AVANZADO\u3011tableta de 10 pulgadas conectado a un teclado Bluetooth al instante se convierte en un port\u00e1til 2-en-1 port\u00e1til. Premium look &amp; feel de la parte posterior de metal de la cubierta es la oficina perfecta combinaci\u00f3n de entretenimiento y un mejor regalo para el amante y ni\u00f1os.<\/p>\n<p>\u3010FUERTE RENDIMIENTO\u3011El m\u00e1s reciente de Android 11.0 tablet en el a\u00f1o 2021 con 2.0 GHz Octa-core y 4GB de RAM, acceso completo a Google Play y f\u00e1cil de realizar m\u00faltiples funciones.<\/p>\n<p>\u3010De ALMACENAMIENTO de GRAN capacidad Y LARGA VIDA de la BATER\u00cdA\u3011Integrada de 64 gb ROM y apoyar la expansi\u00f3n de 256 gb TF tarjeta de 6000 mAh de gran capacidad de la bater\u00eda durante mucho tiempo de la oficina, de entretenimiento y de estudio.<\/p>\n<p>\u3010PANTALLA FULL HD\u3011Soporte 1080P FHD pantalla IPS de 10.1 pulgadas tablet. Construido-en dual 4G ranura de la tarjeta SIM, soporte dual 4G celular, Bluetooth, WIFI, GPS, c\u00e1mara dual, y ranura para tarjeta micro SD.<\/p>\n<p>\u3010ALMACENAR M\u00c1S DE LO QUE el AMOR\u3011El tablet ofrece 64 GB de almacenamiento incorporado para todas sus hi-resoluci\u00f3n de v\u00eddeos, fotos y archivos. Y tambi\u00e9n se puede a\u00f1adir una tarjeta SD ampliar hasta 256 gb, la Tienda m\u00e1s amor y borrar menos. Los altavoces duales producir productos de alta calidad aut\u00e9ntica de audio reproducci\u00f3n de su m\u00fasica favorita. De 8MP, frontal y trasera de 13MP-frente a las c\u00e1maras de convertir tus fotos y v\u00eddeos en la animada y compartir momentos.<\/p>\n<div class=\"section mcb-section mcb-section-1m5jjfop8 default-width\" style=\"padding-top: 40px;\">\n<div class=\"section_wrapper mcb-section-inner mcb-section-inner-1m5jjfop8\">\n<div class=\"wrap mcb-wrap mcb-wrap-1e3leuypk one tablet-one mobile-one clearfix\" data-desktop-col=\"one\" data-tablet-col=\"tablet-one\" data-mobile-col=\"mobile-one\">\n<div class=\"mcb-wrap-inner mcb-wrap-inner-1e3leuypk\">\n<div class=\"column mcb-column mcb-item-muyaior45 one tablet-one mobile-one column_column\">\n<div class=\"mcb-column-inner mcb-column-inner-muyaior45 mcb-item-column-inner\">\n<div class=\"column_attr mfn-inline-editor clearfix\">\n<h2 style=\"font-style: normal; font-variant-ligatures: normal; font-variant-caps: normal; letter-spacing: normal; text-align: center;\">P\u00f3ngase en contacto con nosotros<\/h2>\n<\/div>\n<\/div>\n<\/div>\n<div class=\"column mcb-column mcb-item-d612f7157 one-third tablet-one-third mobile-one column_list\">\n<div class=\"mcb-column-inner mcb-column-inner-d612f7157 mcb-item-list-inner\">\n<div class=\"list_item lists_2 clearfix\">\n<div class=\"list_left list_icon\"><\/div>\n<div class=\"list_right\">\n<div class=\"desc\">\n<p class=\"big\" style=\"padding-top: 12px; display: block; margin: 0;\">\u00bfTiene alguna pregunta?<\/p>\n<h4><a href=\"mailto:info@aiwa-group.com\">info@aiwa-group.com<\/a><\/h4>\n<\/div>\n<\/div>\n<\/div>\n<\/div>\n<\/div>\n<div class=\"column mcb-column mcb-item-2d6498f98 one-third tablet-one-third mobile-one column_list\">\n<div class=\"mcb-column-inner mcb-column-inner-2d6498f98 mcb-item-list-inner\">\n<div class=\"list_item lists_2 clearfix\">\n<div class=\"list_left list_icon\"><\/div>\n<div class=\"list_right\">\n<div class=\"desc\">\n<p class=\"big\" style=\"padding-top: 12px; display: block; margin: 0;\">WhatsApp<\/p>\n<h4><a href=\"https:\/\/api.whatsapp.com\/send?phone=8619122692420\">+86 19122692420<\/a><\/h4>\n<\/div>\n<\/div>\n<\/div>\n<\/div>\n<\/div>\n<div class=\"column mcb-column mcb-item-0aab3c47f one-third tablet-one-third mobile-one column_list\">\n<div class=\"mcb-column-inner mcb-column-inner-0aab3c47f mcb-item-list-inner\">\n<div class=\"list_item lists_2 clearfix\">\n<div class=\"list_left list_icon\"><\/div>\n<div class=\"list_right\">\n<div class=\"desc\">\n<p class=\"big\" style=\"padding-top: 12px; display: block; margin: 0;\">Fax<\/p>\n<h4><a href=\"#\">+86 (023) 65755255<\/a><\/h4>\n<\/div>\n<\/div>\n<\/div>\n<\/div>\n<\/div>\n<\/div>\n<\/div>\n<\/div>\n<\/div>","protected":false},"excerpt":{"rendered":"<p>TAB-11 \uff082 in 1)<\/p>\n<p>Pantalla: 10.1 pulgadas 1200*1920 IPS<\/p>\n<p>OS\uff1aAndroid 11<\/p>\n<p>CPU: Spreadtrum T618 Quad-core (2.0 GHz)<\/p>\n<p>RAM: LA DE 4GB<\/p>\n<p>ROM\uff1a128GB<\/p>\n<p>C\u00e1mara: 5MP Frontal +13MP Raras<\/p>\n<p>De red: wi-fi, 4G<\/p>\n<p>Bater\u00eda: 6000mAH<\/p>\n<p>&nbsp;<\/p>\n<p>&nbsp;<\/p>\n<div class=\"button_align align_left\"><a class=\"button  has-icon button_left button_size_3\" href=\"https:\/\/aiwaintl.com\/es\/contact\/\"    ><span class=\"button_icon\"><i class=\"icon-email\"  aria-hidden=\"true\"><\/i><\/span><span class=\"button_label\">Cita Ahora<\/span><\/a><\/div>","protected":false},"featured_media":756,"template":"","meta":{"om_disable_all_campaigns":false,"_monsterinsights_skip_tracking":false,"_monsterinsights_sitenote_active":false,"_monsterinsights_sitenote_note":"","_monsterinsights_sitenote_category":0},"product_brand":[],"product_cat":[60],"product_tag":[],"class_list":{"0":"post-755","1":"product","2":"type-product","3":"status-publish","4":"has-post-thumbnail","6":"product_cat-tablet-pc","8":"first","9":"instock","10":"taxable","11":"shipping-taxable","12":"product-type-simple"},"aioseo_notices":[],"_links":{"self":[{"href":"https:\/\/aiwaintl.com\/es\/wp-json\/wp\/v2\/product\/755","targetHints":{"allow":["GET"]}}],"collection":[{"href":"https:\/\/aiwaintl.com\/es\/wp-json\/wp\/v2\/product"}],"about":[{"href":"https:\/\/aiwaintl.com\/es\/wp-json\/wp\/v2\/types\/product"}],"wp:featuredmedia":[{"embeddable":true,"href":"https:\/\/aiwaintl.com\/es\/wp-json\/wp\/v2\/media\/756"}],"wp:attachment":[{"href":"https:\/\/aiwaintl.com\/es\/wp-json\/wp\/v2\/media?parent=755"}],"wp:term":[{"taxonomy":"product_brand","embeddable":true,"href":"https:\/\/aiwaintl.com\/es\/wp-json\/wp\/v2\/product_brand?post=755"},{"taxonomy":"product_cat","embeddable":true,"href":"https:\/\/aiwaintl.com\/es\/wp-json\/wp\/v2\/product_cat?post=755"},{"taxonomy":"product_tag","embeddable":true,"href":"https:\/\/aiwaintl.com\/es\/wp-json\/wp\/v2\/product_tag?post=755"}],"curies":[{"name":"wp","href":"https:\/\/api.w.org\/{rel}","templated":true}]}}