{"id":645,"date":"2022-01-15T07:47:19","date_gmt":"2022-01-15T07:47:19","guid":{"rendered":"https:\/\/aiwaintl.com\/?post_type=product&#038;p=645"},"modified":"2023-07-04T05:31:41","modified_gmt":"2023-07-04T05:31:41","slug":"17-3-inch-i7-11800h-laptop","status":"publish","type":"product","link":"https:\/\/aiwaintl.com\/es\/products\/17-3-inch-i7-11800h-laptop\/","title":{"rendered":"17.3 Pulgadas i7-11800H RTX 3060 144Hz Ordenador Port\u00e1til de Juego"},"content":{"rendered":"<h3 style=\"text-align: center;\"><strong>Caracter\u00edstica<\/strong><\/h3>\n<ul>\n<li>El uso de un procesador intel Core I7 11800h 11 de generaci\u00f3n de alto rendimiento de procesador de 8 n\u00facleos y 16 hilos, b\u00e1sica frecuencia de 2.3 GHz frecuencia turbo m\u00e1xima 4.6 GHz.<\/li>\n<li>Equipado con NVIDIA RTX 3060 tarjeta gr\u00e1fica,6 GB de gran capacidad de memoria;Costo-efectivo de la tarjeta gr\u00e1fica<\/li>\n<li>17.3 pulgadas IPS de alta definici\u00f3n de 1920*1080\uff0cfrecuencia de refresco de 144HZ,el 72% NTSC\/99% de la gama de color RGB, trayendo la imagen m\u00e1s clara y m\u00e1s precisa reproducci\u00f3n del color, m\u00e1s suave experiencia de juego<\/li>\n<li>AI inteligente de reconocimiento de rostro<\/li>\n<li>WIFI 6,el Apoyo de 2.4 GHz, 5 ghz dual-band Wifi<\/li>\n<li>2.0 una eficiente disipaci\u00f3n del calor, los dos ventiladores + cuatro salidas de aire<\/li>\n<li>Con 512 GB, PCI-E unidad de estado s\u00f3lido, la velocidad de lectura y escritura es 6 veces mayor que la del com\u00fan de los discos duros<\/li>\n<li>De color RGB silencio mec\u00e1nico retroiluminaci\u00f3n del teclado, soporte de personalizar<\/li>\n<li>De vidrio de precisi\u00f3n del touchpad, m\u00e1s toque de textura, haga doble clic en bloquear para evitar que accidentalmente toque.<\/li>\n<li>Sound blaster cinema5 sonido est\u00e9reo, se puede ajustar a voluntad.<\/li>\n<\/ul>\n<h3 style=\"text-align: center;\"><strong>Describir<\/strong><\/h3>\n<p>Este port\u00e1til est\u00e1 equipado con un procesador Intel Core I7 11800H procesador y gr\u00e1ficos nvidia geforce rtx 3060 de la tarjeta gr\u00e1fica, la combinaci\u00f3n de los dos puede ejecutar todos los juegos del mercado sin problemas. El 17.3 pulgadas 144Hz de la pantalla, la imagen de la pantalla sin ning\u00fan tipo de retraso, y proporciona la penetraci\u00f3n en cada sutil cambio en el juego. Aunque es un port\u00e1til dise\u00f1ado para la e-juegos de deportes, tambi\u00e9n es muy competente para la edici\u00f3n de v\u00eddeo, dibujo de CAD, etc. El \u00fanico inconveniente es que el 17.3 pulgadas fuselaje es relativamente pesado y no es f\u00e1cil de llevar.<\/p>\n<h3 style=\"text-align: center;\"><strong><b>Material De Gesti\u00f3n De La Calidad<\/b><\/strong><\/h3>\n<p>Hemos establecido un sistema de gesti\u00f3n integral para inspeccionar la calidad de todos los materiales utilizados en nuestro hardware. Hemos implementado la eficacia de los procesos en la selecci\u00f3n y certificaci\u00f3n de nuestros proveedores. Este proceso garantiza que nuestros materiales cumplen con los altos est\u00e1ndares de nuestros socios y clientes han llegado a esperar.<\/p>\n<h3 style=\"text-align: center;\"><strong><b>La exploraci\u00f3n y la Innovaci\u00f3n para la Calidad en el Dise\u00f1o<\/b><\/strong><\/h3>\n<p>Incluso la calidad de nuestros dise\u00f1os se somete a la revisi\u00f3n t\u00e9cnica rigurosa y pruebas. Nuestras pruebas implica avanzados m\u00e9todos y herramientas que se practica en el primer nivel de las industrias de todo el mundo, con el fin de garantizar que los productos que est\u00e1n en marcha s\u00f3lo despu\u00e9s de la plena comprobaci\u00f3n de la calidad. Buscamos activamente de primer nivel de los recursos para mejorar nuestros procedimientos de prueba.<\/p>\n<h3 style=\"text-align: center;\"><strong><b>\u00a0<\/b><\/strong><strong><b>Inteligente de Mejoras para la Calidad de Fabricaci\u00f3n<\/b><\/strong><\/h3>\n<p>La pr\u00e1ctica de la &#034;Manufactura Inteligente&#034; es una fuerza impulsora detr\u00e1s de nuestro r\u00e1pido y continuo desarrollo. Este avanzado perspectiva sostendr\u00e1 nuestra cadena de suministro de la ventaja competitiva.<\/p>\n<p>&nbsp;<\/p>\n<p><strong>Notas<\/strong><br \/>\n\u00b7La imagen es s\u00f3lo para referencia, por favor refi\u00e9rase a la recepci\u00f3n real.<br \/>\n\u00b7Color de producto y par\u00e1metros son s\u00f3lo para referencia, por favor refi\u00e9rase a la oferta y el producto real.<br \/>\n\u00b7El peso a partir de los datos ser\u00e1 diferente debido a las diferentes configuraciones.<br \/>\n\u00b7Vida de la bater\u00eda variar\u00e1 dependiendo de c\u00f3mo su equipo se utiliza o configurado.<\/p>\n<div class=\"section mcb-section mcb-section-1m5jjfop8 default-width\" style=\"padding-top: 40px;\">\n<div class=\"section_wrapper mcb-section-inner mcb-section-inner-1m5jjfop8\">\n<div class=\"wrap mcb-wrap mcb-wrap-1e3leuypk one tablet-one mobile-one clearfix\" data-desktop-col=\"one\" data-tablet-col=\"tablet-one\" data-mobile-col=\"mobile-one\">\n<div class=\"mcb-wrap-inner mcb-wrap-inner-1e3leuypk\">\n<div class=\"column mcb-column mcb-item-muyaior45 one tablet-one mobile-one column_column\">\n<div class=\"mcb-column-inner mcb-column-inner-muyaior45 mcb-item-column-inner\">\n<div class=\"column_attr mfn-inline-editor clearfix\">\n<h2 style=\"font-style: normal; font-variant-ligatures: normal; font-variant-caps: normal; letter-spacing: normal; text-align: center;\">P\u00f3ngase en contacto con nosotros<\/h2>\n<\/div>\n<\/div>\n<\/div>\n<div class=\"column mcb-column mcb-item-d612f7157 one-third tablet-one-third mobile-one column_list\">\n<div class=\"mcb-column-inner mcb-column-inner-d612f7157 mcb-item-list-inner\">\n<div class=\"list_item lists_2 clearfix\">\n<div class=\"list_left list_icon\"><\/div>\n<div class=\"list_right\">\n<div class=\"desc\">\n<p class=\"big\" style=\"padding-top: 12px; display: block; margin: 0;\">\u00bfTiene alguna pregunta?<\/p>\n<h4><a href=\"mailto:info@aiwa-group.com\">info@aiwa-group.com<\/a><\/h4>\n<\/div>\n<\/div>\n<\/div>\n<\/div>\n<\/div>\n<div class=\"column mcb-column mcb-item-2d6498f98 one-third tablet-one-third mobile-one column_list\">\n<div class=\"mcb-column-inner mcb-column-inner-2d6498f98 mcb-item-list-inner\">\n<div class=\"list_item lists_2 clearfix\">\n<div class=\"list_left list_icon\"><\/div>\n<div class=\"list_right\">\n<div class=\"desc\">\n<p class=\"big\" style=\"padding-top: 12px; display: block; margin: 0;\">WhatsApp<\/p>\n<h4><a href=\"https:\/\/api.whatsapp.com\/send?phone=8619122692420\">+86 19122692420<\/a><\/h4>\n<\/div>\n<\/div>\n<\/div>\n<\/div>\n<\/div>\n<div class=\"column mcb-column mcb-item-0aab3c47f one-third tablet-one-third mobile-one column_list\">\n<div class=\"mcb-column-inner mcb-column-inner-0aab3c47f mcb-item-list-inner\">\n<div class=\"list_item lists_2 clearfix\">\n<div class=\"list_left list_icon\"><\/div>\n<div class=\"list_right\">\n<div class=\"desc\">\n<p class=\"big\" style=\"padding-top: 12px; display: block; margin: 0;\">Fax<\/p>\n<h4><a href=\"#\">+86 (023) 65755255<\/a><\/h4>\n<\/div>\n<\/div>\n<\/div>\n<\/div>\n<\/div>\n<\/div>\n<\/div>\n<\/div>\n<\/div>","protected":false},"excerpt":{"rendered":"<p>El Tama\u00f1o De La Pantalla: 17.3 Pulgadas<br \/>\nCPU: Intel Core i7-11800H<br \/>\nFrecuencia: 2.3 Ghz-4.6 Ghz<span class=\"\"><br \/>\n<\/span>N\u00facleo: 8<br \/>\nSubproceso: 16<br \/>\nGPU: NVIDIA GeForce RTX 3060<br \/>\n<span class=\"\">Pantalla: 17.3 Pulgadas con 1920*1080 IPS 144HZ<\/span><br \/>\nRAM: DDR4 8GB\/16GB\/32GB<br \/>\nROM: SSD 512G\/1024G<br \/>\nSistema: Windows 10<br \/>\nWIFI: WIFI Intel 6, 2.4 G y 5G<\/p>\n<p>&nbsp;<\/p>\n<p>&nbsp;<\/p>\n<div class=\"button_align align_left\"><a class=\"button  has-icon button_left button_size_3\" href=\"https:\/\/aiwaintl.com\/es\/contact\/\"    ><span class=\"button_icon\"><i class=\"icon-email\"  aria-hidden=\"true\"><\/i><\/span><span class=\"button_label\">Cita Ahora<\/span><\/a><\/div>","protected":false},"featured_media":730,"template":"","meta":{"om_disable_all_campaigns":false,"_monsterinsights_skip_tracking":false,"_monsterinsights_sitenote_active":false,"_monsterinsights_sitenote_note":"","_monsterinsights_sitenote_category":0},"product_brand":[],"product_cat":[66],"product_tag":[],"class_list":{"0":"post-645","1":"product","2":"type-product","3":"status-publish","4":"has-post-thumbnail","6":"product_cat-17-3-inch-laptop","8":"first","9":"instock","10":"taxable","11":"shipping-taxable","12":"product-type-simple"},"aioseo_notices":[],"_links":{"self":[{"href":"https:\/\/aiwaintl.com\/es\/wp-json\/wp\/v2\/product\/645","targetHints":{"allow":["GET"]}}],"collection":[{"href":"https:\/\/aiwaintl.com\/es\/wp-json\/wp\/v2\/product"}],"about":[{"href":"https:\/\/aiwaintl.com\/es\/wp-json\/wp\/v2\/types\/product"}],"wp:featuredmedia":[{"embeddable":true,"href":"https:\/\/aiwaintl.com\/es\/wp-json\/wp\/v2\/media\/730"}],"wp:attachment":[{"href":"https:\/\/aiwaintl.com\/es\/wp-json\/wp\/v2\/media?parent=645"}],"wp:term":[{"taxonomy":"product_brand","embeddable":true,"href":"https:\/\/aiwaintl.com\/es\/wp-json\/wp\/v2\/product_brand?post=645"},{"taxonomy":"product_cat","embeddable":true,"href":"https:\/\/aiwaintl.com\/es\/wp-json\/wp\/v2\/product_cat?post=645"},{"taxonomy":"product_tag","embeddable":true,"href":"https:\/\/aiwaintl.com\/es\/wp-json\/wp\/v2\/product_tag?post=645"}],"curies":[{"name":"wp","href":"https:\/\/api.w.org\/{rel}","templated":true}]}}