{"id":1887,"date":"2023-02-21T08:57:47","date_gmt":"2023-02-21T08:57:47","guid":{"rendered":"https:\/\/aiwaintl.com\/?post_type=product&#038;p=1887"},"modified":"2023-07-04T05:26:00","modified_gmt":"2023-07-04T05:26:00","slug":"23-8-inch-i7-12th-generation-office-household-all-in-one-pc","status":"publish","type":"product","link":"https:\/\/aiwaintl.com\/es\/products\/23-8-inch-i7-12th-generation-office-household-all-in-one-pc\/","title":{"rendered":"23.8 Inch I7 12th Generation Office &#038; Household All In One PC"},"content":{"rendered":"<div class=\"mceTemp\"><\/div>\n<div class=\"mceTemp\"><\/div>\n<p><img loading=\"lazy\" decoding=\"async\" class=\"aligncenter wp-image-1888 size-full\" src=\"https:\/\/aiwaintl.com\/wp-content\/uploads\/2023\/02\/1-2.png\" alt=\"\" width=\"790\" height=\"1338\" srcset=\"https:\/\/aiwaintl.com\/wp-content\/uploads\/2023\/02\/1-2.png 790w, https:\/\/aiwaintl.com\/wp-content\/uploads\/2023\/02\/1-2-177x300.png 177w, https:\/\/aiwaintl.com\/wp-content\/uploads\/2023\/02\/1-2-605x1024.png 605w, https:\/\/aiwaintl.com\/wp-content\/uploads\/2023\/02\/1-2-768x1301.png 768w, https:\/\/aiwaintl.com\/wp-content\/uploads\/2023\/02\/1-2-7x12.png 7w, https:\/\/aiwaintl.com\/wp-content\/uploads\/2023\/02\/1-2-86x146.png 86w, https:\/\/aiwaintl.com\/wp-content\/uploads\/2023\/02\/1-2-30x50.png 30w, https:\/\/aiwaintl.com\/wp-content\/uploads\/2023\/02\/1-2-44x75.png 44w\" sizes=\"auto, (max-width: 790px) 100vw, 790px\" \/> <img loading=\"lazy\" decoding=\"async\" class=\"aligncenter wp-image-1889 size-full\" src=\"https:\/\/aiwaintl.com\/wp-content\/uploads\/2023\/02\/2-1.png\" alt=\"\" width=\"790\" height=\"714\" srcset=\"https:\/\/aiwaintl.com\/wp-content\/uploads\/2023\/02\/2-1.png 790w, https:\/\/aiwaintl.com\/wp-content\/uploads\/2023\/02\/2-1-300x271.png 300w, https:\/\/aiwaintl.com\/wp-content\/uploads\/2023\/02\/2-1-768x694.png 768w, https:\/\/aiwaintl.com\/wp-content\/uploads\/2023\/02\/2-1-13x12.png 13w, https:\/\/aiwaintl.com\/wp-content\/uploads\/2023\/02\/2-1-162x146.png 162w, https:\/\/aiwaintl.com\/wp-content\/uploads\/2023\/02\/2-1-50x45.png 50w, https:\/\/aiwaintl.com\/wp-content\/uploads\/2023\/02\/2-1-83x75.png 83w\" sizes=\"auto, (max-width: 790px) 100vw, 790px\" \/> <img loading=\"lazy\" decoding=\"async\" class=\"aligncenter wp-image-1890 size-full\" src=\"https:\/\/aiwaintl.com\/wp-content\/uploads\/2023\/02\/3-1.png\" alt=\"\" width=\"790\" height=\"646\" srcset=\"https:\/\/aiwaintl.com\/wp-content\/uploads\/2023\/02\/3-1.png 790w, https:\/\/aiwaintl.com\/wp-content\/uploads\/2023\/02\/3-1-300x245.png 300w, https:\/\/aiwaintl.com\/wp-content\/uploads\/2023\/02\/3-1-768x628.png 768w, https:\/\/aiwaintl.com\/wp-content\/uploads\/2023\/02\/3-1-15x12.png 15w, https:\/\/aiwaintl.com\/wp-content\/uploads\/2023\/02\/3-1-179x146.png 179w, https:\/\/aiwaintl.com\/wp-content\/uploads\/2023\/02\/3-1-50x41.png 50w, https:\/\/aiwaintl.com\/wp-content\/uploads\/2023\/02\/3-1-92x75.png 92w\" sizes=\"auto, (max-width: 790px) 100vw, 790px\" \/> <img loading=\"lazy\" decoding=\"async\" class=\"aligncenter wp-image-1891 size-full\" src=\"https:\/\/aiwaintl.com\/wp-content\/uploads\/2023\/02\/4-1.png\" alt=\"\" width=\"790\" height=\"1129\" srcset=\"https:\/\/aiwaintl.com\/wp-content\/uploads\/2023\/02\/4-1.png 790w, https:\/\/aiwaintl.com\/wp-content\/uploads\/2023\/02\/4-1-210x300.png 210w, https:\/\/aiwaintl.com\/wp-content\/uploads\/2023\/02\/4-1-717x1024.png 717w, https:\/\/aiwaintl.com\/wp-content\/uploads\/2023\/02\/4-1-768x1098.png 768w, https:\/\/aiwaintl.com\/wp-content\/uploads\/2023\/02\/4-1-8x12.png 8w, https:\/\/aiwaintl.com\/wp-content\/uploads\/2023\/02\/4-1-102x146.png 102w, https:\/\/aiwaintl.com\/wp-content\/uploads\/2023\/02\/4-1-35x50.png 35w, https:\/\/aiwaintl.com\/wp-content\/uploads\/2023\/02\/4-1-52x75.png 52w\" sizes=\"auto, (max-width: 790px) 100vw, 790px\" \/> <img loading=\"lazy\" decoding=\"async\" class=\"aligncenter wp-image-1892 size-full\" src=\"https:\/\/aiwaintl.com\/wp-content\/uploads\/2023\/02\/5-1.png\" alt=\"\" width=\"790\" height=\"1097\" srcset=\"https:\/\/aiwaintl.com\/wp-content\/uploads\/2023\/02\/5-1.png 790w, https:\/\/aiwaintl.com\/wp-content\/uploads\/2023\/02\/5-1-216x300.png 216w, https:\/\/aiwaintl.com\/wp-content\/uploads\/2023\/02\/5-1-737x1024.png 737w, https:\/\/aiwaintl.com\/wp-content\/uploads\/2023\/02\/5-1-768x1066.png 768w, https:\/\/aiwaintl.com\/wp-content\/uploads\/2023\/02\/5-1-9x12.png 9w, https:\/\/aiwaintl.com\/wp-content\/uploads\/2023\/02\/5-1-105x146.png 105w, https:\/\/aiwaintl.com\/wp-content\/uploads\/2023\/02\/5-1-36x50.png 36w, https:\/\/aiwaintl.com\/wp-content\/uploads\/2023\/02\/5-1-54x75.png 54w\" sizes=\"auto, (max-width: 790px) 100vw, 790px\" \/> <img loading=\"lazy\" decoding=\"async\" class=\"aligncenter wp-image-1893 size-full\" src=\"https:\/\/aiwaintl.com\/wp-content\/uploads\/2023\/02\/6-1.png\" alt=\"\" width=\"790\" height=\"905\" srcset=\"https:\/\/aiwaintl.com\/wp-content\/uploads\/2023\/02\/6-1.png 790w, https:\/\/aiwaintl.com\/wp-content\/uploads\/2023\/02\/6-1-262x300.png 262w, https:\/\/aiwaintl.com\/wp-content\/uploads\/2023\/02\/6-1-768x880.png 768w, https:\/\/aiwaintl.com\/wp-content\/uploads\/2023\/02\/6-1-10x12.png 10w, https:\/\/aiwaintl.com\/wp-content\/uploads\/2023\/02\/6-1-127x146.png 127w, https:\/\/aiwaintl.com\/wp-content\/uploads\/2023\/02\/6-1-44x50.png 44w, https:\/\/aiwaintl.com\/wp-content\/uploads\/2023\/02\/6-1-65x75.png 65w\" sizes=\"auto, (max-width: 790px) 100vw, 790px\" \/><\/p>\n<h3 style=\"text-align: center;\"><strong><b>Material De Gesti\u00f3n De La Calidad<\/b><\/strong><\/h3>\n<p>Hemos establecido un sistema de gesti\u00f3n integral para inspeccionar la calidad de todos los materiales utilizados en nuestro hardware. Hemos implementado la eficacia de los procesos en la selecci\u00f3n y certificaci\u00f3n de nuestros proveedores. Este proceso garantiza que nuestros materiales cumplen con los altos est\u00e1ndares de nuestros socios y clientes han llegado a esperar.<\/p>\n<h3 style=\"text-align: center;\"><strong><b>La exploraci\u00f3n y la Innovaci\u00f3n para la Calidad en el Dise\u00f1o<\/b><\/strong><\/h3>\n<p>Incluso la calidad de nuestros dise\u00f1os se somete a la revisi\u00f3n t\u00e9cnica rigurosa y pruebas. Nuestras pruebas implica avanzados m\u00e9todos y herramientas que se practica en el primer nivel de las industrias de todo el mundo, con el fin de garantizar que los productos que est\u00e1n en marcha s\u00f3lo despu\u00e9s de la plena comprobaci\u00f3n de la calidad. Buscamos activamente de primer nivel de los recursos para mejorar nuestros procedimientos de prueba.<\/p>\n<h3 style=\"text-align: center;\"><strong><b>\u00a0<\/b><\/strong><strong><b>Inteligente de Mejoras para la Calidad de Fabricaci\u00f3n<\/b><\/strong><\/h3>\n<p>La pr\u00e1ctica de la &#034;Manufactura Inteligente&#034; es una fuerza impulsora detr\u00e1s de nuestro r\u00e1pido y continuo desarrollo. Este avanzado perspectiva sostendr\u00e1 nuestra cadena de suministro de la ventaja competitiva.<\/p>\n<p>&nbsp;<\/p>\n<p><strong>Notas<\/strong><br \/>\n\u00b7La imagen es s\u00f3lo para referencia, por favor refi\u00e9rase a la recepci\u00f3n real.<br \/>\n\u00b7Color de producto y par\u00e1metros son s\u00f3lo para referencia, por favor refi\u00e9rase a la oferta y el producto real.<br \/>\n\u00b7El peso a partir de los datos ser\u00e1 diferente debido a las diferentes configuraciones.<br \/>\n\u00b7Vida de la bater\u00eda variar\u00e1 dependiendo de c\u00f3mo su equipo se utiliza o configurado.<\/p>\n<div class=\"section mcb-section mcb-section-1m5jjfop8 default-width\" style=\"padding-top: 40px;\">\n<div class=\"section_wrapper mcb-section-inner mcb-section-inner-1m5jjfop8\">\n<div class=\"wrap mcb-wrap mcb-wrap-1e3leuypk one tablet-one mobile-one clearfix\" data-desktop-col=\"one\" data-tablet-col=\"tablet-one\" data-mobile-col=\"mobile-one\">\n<div class=\"mcb-wrap-inner mcb-wrap-inner-1e3leuypk\">\n<div class=\"column mcb-column mcb-item-muyaior45 one tablet-one mobile-one column_column\">\n<div class=\"mcb-column-inner mcb-column-inner-muyaior45 mcb-item-column-inner\">\n<div class=\"column_attr mfn-inline-editor clearfix\">\n<h2 style=\"font-style: normal; font-variant-ligatures: normal; font-variant-caps: normal; letter-spacing: normal; text-align: center;\">P\u00f3ngase en contacto con nosotros<\/h2>\n<\/div>\n<\/div>\n<\/div>\n<div class=\"column mcb-column mcb-item-d612f7157 one-third tablet-one-third mobile-one column_list\">\n<div class=\"mcb-column-inner mcb-column-inner-d612f7157 mcb-item-list-inner\">\n<div class=\"list_item lists_2 clearfix\">\n<div class=\"list_left list_icon\"><\/div>\n<div class=\"list_right\">\n<div class=\"desc\">\n<p class=\"big\" style=\"padding-top: 12px; display: block; margin: 0;\">\u00bfTiene alguna pregunta?<\/p>\n<h4><a href=\"mailto:info@aiwa-group.com\">info@aiwa-group.com<\/a><\/h4>\n<\/div>\n<\/div>\n<\/div>\n<\/div>\n<\/div>\n<div class=\"column mcb-column mcb-item-2d6498f98 one-third tablet-one-third mobile-one column_list\">\n<div class=\"mcb-column-inner mcb-column-inner-2d6498f98 mcb-item-list-inner\">\n<div class=\"list_item lists_2 clearfix\">\n<div class=\"list_left list_icon\"><\/div>\n<div class=\"list_right\">\n<div class=\"desc\">\n<p class=\"big\" style=\"padding-top: 12px; display: block; margin: 0;\">WhatsApp<\/p>\n<h4><a href=\"https:\/\/api.whatsapp.com\/send?phone=8619122692420\">+86 19122692420<\/a><\/h4>\n<\/div>\n<\/div>\n<\/div>\n<\/div>\n<\/div>\n<div class=\"column mcb-column mcb-item-0aab3c47f one-third tablet-one-third mobile-one column_list\">\n<div class=\"mcb-column-inner mcb-column-inner-0aab3c47f mcb-item-list-inner\">\n<div class=\"list_item lists_2 clearfix\">\n<div class=\"list_left list_icon\"><\/div>\n<div class=\"list_right\">\n<div class=\"desc\">\n<p class=\"big\" style=\"padding-top: 12px; display: block; margin: 0;\">Fax<\/p>\n<h4><a href=\"#\">+86 (023) 65755255<\/a><\/h4>\n<\/div>\n<\/div>\n<\/div>\n<\/div>\n<\/div>\n<\/div>\n<\/div>\n<\/div>\n<\/div>","protected":false},"excerpt":{"rendered":"<p>Screen Size: 23.8 Inch<br \/>\nCPU: Intel Core i7-12700<br \/>\nFrequency: 1.6Ghz-4.9Ghz<br \/>\nN\u00facleo: 12<br \/>\nSubproceso: 20<br \/>\nGPU: Intel UHD Graphics 770<br \/>\nRAM: DDR4 8GB\/16GB\/32GB<br \/>\nROM: SSD 256G\/512G\/1TB\/2TB<\/p>\n<p>&nbsp;<\/p>\n<p>&nbsp;<\/p>\n<div class=\"button_align align_left\"><a class=\"button  has-icon button_left button_size_3\" href=\"https:\/\/aiwaintl.com\/es\/contact\/\"    ><span class=\"button_icon\"><i class=\"icon-email\"  aria-hidden=\"true\"><\/i><\/span><span class=\"button_label\">Cita Ahora<\/span><\/a><\/div>","protected":false},"featured_media":1894,"template":"","meta":{"om_disable_all_campaigns":false,"_monsterinsights_skip_tracking":false,"_monsterinsights_sitenote_active":false,"_monsterinsights_sitenote_note":"","_monsterinsights_sitenote_category":0},"product_brand":[],"product_cat":[61],"product_tag":[],"class_list":{"0":"post-1887","1":"product","2":"type-product","3":"status-publish","4":"has-post-thumbnail","6":"product_cat-aio-computer","8":"first","9":"instock","10":"taxable","11":"shipping-taxable","12":"product-type-simple"},"aioseo_notices":[],"_links":{"self":[{"href":"https:\/\/aiwaintl.com\/es\/wp-json\/wp\/v2\/product\/1887","targetHints":{"allow":["GET"]}}],"collection":[{"href":"https:\/\/aiwaintl.com\/es\/wp-json\/wp\/v2\/product"}],"about":[{"href":"https:\/\/aiwaintl.com\/es\/wp-json\/wp\/v2\/types\/product"}],"wp:featuredmedia":[{"embeddable":true,"href":"https:\/\/aiwaintl.com\/es\/wp-json\/wp\/v2\/media\/1894"}],"wp:attachment":[{"href":"https:\/\/aiwaintl.com\/es\/wp-json\/wp\/v2\/media?parent=1887"}],"wp:term":[{"taxonomy":"product_brand","embeddable":true,"href":"https:\/\/aiwaintl.com\/es\/wp-json\/wp\/v2\/product_brand?post=1887"},{"taxonomy":"product_cat","embeddable":true,"href":"https:\/\/aiwaintl.com\/es\/wp-json\/wp\/v2\/product_cat?post=1887"},{"taxonomy":"product_tag","embeddable":true,"href":"https:\/\/aiwaintl.com\/es\/wp-json\/wp\/v2\/product_tag?post=1887"}],"curies":[{"name":"wp","href":"https:\/\/api.w.org\/{rel}","templated":true}]}}