{"id":1635,"date":"2022-06-16T08:22:43","date_gmt":"2022-06-16T08:22:43","guid":{"rendered":"https:\/\/aiwaintl.com\/?post_type=product&#038;p=1635"},"modified":"2023-07-04T05:26:46","modified_gmt":"2023-07-04T05:26:46","slug":"15-6-inch-i7-9750h-rtx-2070-super-streaming-laptop-with-1tb-hard-drive","status":"publish","type":"product","link":"https:\/\/aiwaintl.com\/es\/products\/15-6-inch-i7-9750h-rtx-2070-super-streaming-laptop-with-1tb-hard-drive\/","title":{"rendered":"15.6 Pulgadas I7-9750H RTX 2070 Super Streaming Ordenador Port\u00e1til Con Disco Duro de 1 tb"},"content":{"rendered":"<h3 style=\"text-align: center;\"><strong>Caracter\u00edstica<\/strong><\/h3>\n<ul>\n<li>El uso de un procesador intel Core I7 9750h procesador de 6 n\u00facleos y 12 hilos, la frecuencia b\u00e1sica de 2,6 GHz, la m\u00e1xima frecuencia turbo 4.5 GHz.<\/li>\n<li>Equipado con NVIDIA RTX 2070 Super GPU,8 gb de capacidad de memoria grande;la frecuencia del N\u00facleo: 1605\/1770MHz,buen trazado de rayos rendimiento<\/li>\n<li>15.6 pulgadas IPS de alta definici\u00f3n de 1920*1080,144 HZ frecuencia de actualizaci\u00f3n,el 72% NTSC\/99% de la gama de color RGB, trayendo la imagen m\u00e1s clara y m\u00e1s precisa reproducci\u00f3n del color, mejor experiencia de juego<\/li>\n<li>AI inteligente de reconocimiento de rostro<\/li>\n<li>WIFI 6,el Apoyo de 2.4 GHz, 5 ghz dual-band Wifi<\/li>\n<li>2.0 una eficiente disipaci\u00f3n del calor, los dos ventiladores + cuatro salidas de aire<\/li>\n<li>Con 512 GB, PCI-E unidad de estado s\u00f3lido, la velocidad de lectura y escritura es 6 veces mayor que la del com\u00fan de los discos duros<\/li>\n<li>RGB silencio mec\u00e1nico retroiluminaci\u00f3n del teclado, soporte de personalizaci\u00f3n<\/li>\n<\/ul>\n<h3 style=\"text-align: center;\"><strong><b>Material De Gesti\u00f3n De La Calidad<\/b><\/strong><\/h3>\n<p>Hemos establecido un sistema de gesti\u00f3n integral para inspeccionar la calidad de todos los materiales utilizados en nuestro hardware. Hemos implementado la eficacia de los procesos en la selecci\u00f3n y certificaci\u00f3n de nuestros proveedores. Este proceso garantiza que nuestros materiales cumplen con los altos est\u00e1ndares de nuestros socios y clientes han llegado a esperar.<\/p>\n<h3 style=\"text-align: center;\"><strong><b>La exploraci\u00f3n y la Innovaci\u00f3n para la Calidad en el Dise\u00f1o<\/b><\/strong><\/h3>\n<p>Incluso la calidad de nuestros dise\u00f1os se somete a la revisi\u00f3n t\u00e9cnica rigurosa y pruebas. Nuestras pruebas implica avanzados m\u00e9todos y herramientas que se practica en el primer nivel de las industrias de todo el mundo, con el fin de garantizar que los productos que est\u00e1n en marcha s\u00f3lo despu\u00e9s de la plena comprobaci\u00f3n de la calidad. Buscamos activamente de primer nivel de los recursos para mejorar nuestros procedimientos de prueba.<\/p>\n<h3 style=\"text-align: center;\"><strong><b>\u00a0<\/b><\/strong><strong><b>Inteligente de Mejoras para la Calidad de Fabricaci\u00f3n<\/b><\/strong><\/h3>\n<p>La pr\u00e1ctica de la &#034;Manufactura Inteligente&#034; es una fuerza impulsora detr\u00e1s de nuestro r\u00e1pido y continuo desarrollo. Este avanzado perspectiva sostendr\u00e1 nuestra cadena de suministro de la ventaja competitiva.<\/p>\n<p>&nbsp;<\/p>\n<p><strong>Notas<\/strong><br \/>\n\u00b7La imagen es s\u00f3lo para referencia, por favor refi\u00e9rase a la recepci\u00f3n real.<br \/>\n\u00b7Color de producto y par\u00e1metros son s\u00f3lo para referencia, por favor refi\u00e9rase a la oferta y el producto real.<br \/>\n\u00b7El peso a partir de los datos ser\u00e1 diferente debido a las diferentes configuraciones.<br \/>\n\u00b7Vida de la bater\u00eda variar\u00e1 dependiendo de c\u00f3mo su equipo se utiliza o configurado.<\/p>\n<div class=\"section mcb-section mcb-section-1m5jjfop8 default-width\" style=\"padding-top: 40px;\">\n<div class=\"section_wrapper mcb-section-inner mcb-section-inner-1m5jjfop8\">\n<div class=\"wrap mcb-wrap mcb-wrap-1e3leuypk one tablet-one mobile-one clearfix\" data-desktop-col=\"one\" data-tablet-col=\"tablet-one\" data-mobile-col=\"mobile-one\">\n<div class=\"mcb-wrap-inner mcb-wrap-inner-1e3leuypk\">\n<div class=\"column mcb-column mcb-item-muyaior45 one tablet-one mobile-one column_column\">\n<div class=\"mcb-column-inner mcb-column-inner-muyaior45 mcb-item-column-inner\">\n<div class=\"column_attr mfn-inline-editor clearfix\">\n<h2 style=\"font-style: normal; font-variant-ligatures: normal; font-variant-caps: normal; letter-spacing: normal; text-align: center;\">P\u00f3ngase en contacto con nosotros<\/h2>\n<\/div>\n<\/div>\n<\/div>\n<div class=\"column mcb-column mcb-item-d612f7157 one-third tablet-one-third mobile-one column_list\">\n<div class=\"mcb-column-inner mcb-column-inner-d612f7157 mcb-item-list-inner\">\n<div class=\"list_item lists_2 clearfix\">\n<div class=\"list_left list_icon\"><\/div>\n<div class=\"list_right\">\n<div class=\"desc\">\n<p class=\"big\" style=\"padding-top: 12px; display: block; margin: 0;\">\u00bfTiene alguna pregunta?<\/p>\n<h4><a href=\"mailto:info@aiwa-group.com\">info@aiwa-group.com<\/a><\/h4>\n<\/div>\n<\/div>\n<\/div>\n<\/div>\n<\/div>\n<div class=\"column mcb-column mcb-item-2d6498f98 one-third tablet-one-third mobile-one column_list\">\n<div class=\"mcb-column-inner mcb-column-inner-2d6498f98 mcb-item-list-inner\">\n<div class=\"list_item lists_2 clearfix\">\n<div class=\"list_left list_icon\"><\/div>\n<div class=\"list_right\">\n<div class=\"desc\">\n<p class=\"big\" style=\"padding-top: 12px; display: block; margin: 0;\">WhatsApp<\/p>\n<h4><a href=\"https:\/\/api.whatsapp.com\/send?phone=8619122692420\">+86 19122692420<\/a><\/h4>\n<\/div>\n<\/div>\n<\/div>\n<\/div>\n<\/div>\n<div class=\"column mcb-column mcb-item-0aab3c47f one-third tablet-one-third mobile-one column_list\">\n<div class=\"mcb-column-inner mcb-column-inner-0aab3c47f mcb-item-list-inner\">\n<div class=\"list_item lists_2 clearfix\">\n<div class=\"list_left list_icon\"><\/div>\n<div class=\"list_right\">\n<div class=\"desc\">\n<p class=\"big\" style=\"padding-top: 12px; display: block; margin: 0;\">Fax<\/p>\n<h4><a href=\"#\">+86 (023) 65755255<\/a><\/h4>\n<\/div>\n<\/div>\n<\/div>\n<\/div>\n<\/div>\n<\/div>\n<\/div>\n<\/div>\n<\/div>","protected":false},"excerpt":{"rendered":"<p>Pantalla: 15.6 Pulgadas con 1920*1080 IPS 144Hz<br \/>\nCPU: Intel Core I7 9750h<br \/>\nFrecuencia: 2.6 Ghz-4.5 Ghz<br \/>\nN\u00facleo: 6<br \/>\nSubproceso: 2<br \/>\nGPU: N<span class=\"\">vidia <\/span>RTX 2070 Super 8G<br \/>\nRAM: DDR4 8GB\/16GB\/32GB<br \/>\nROM: SSD DE 256 GB\/512 GB\/1 TB\/2 TB<br \/>\nColor: Negro<br \/>\nSistema: Windows 10 Pro<br \/>\nUso: Juegos\/Streaming\/CAD<\/p>\n<p>&nbsp;<\/p>\n<p>&nbsp;<\/p>\n<div class=\"button_align align_left\"><a class=\"button  has-icon button_left button_size_3\" href=\"https:\/\/aiwaintl.com\/es\/contact\/\"    ><span class=\"button_icon\"><i class=\"icon-email\"  aria-hidden=\"true\"><\/i><\/span><span class=\"button_label\">Cita Ahora<\/span><\/a><\/div>","protected":false},"featured_media":1128,"template":"","meta":{"om_disable_all_campaigns":false,"_monsterinsights_skip_tracking":false,"_monsterinsights_sitenote_active":false,"_monsterinsights_sitenote_note":"","_monsterinsights_sitenote_category":0},"product_brand":[],"product_cat":[59,65],"product_tag":[],"class_list":{"0":"post-1635","1":"product","2":"type-product","3":"status-publish","4":"has-post-thumbnail","6":"product_cat-laptop","7":"product_cat-15-6-inch-laptop","9":"first","10":"instock","11":"taxable","12":"shipping-taxable","13":"product-type-simple"},"aioseo_notices":[],"_links":{"self":[{"href":"https:\/\/aiwaintl.com\/es\/wp-json\/wp\/v2\/product\/1635","targetHints":{"allow":["GET"]}}],"collection":[{"href":"https:\/\/aiwaintl.com\/es\/wp-json\/wp\/v2\/product"}],"about":[{"href":"https:\/\/aiwaintl.com\/es\/wp-json\/wp\/v2\/types\/product"}],"wp:featuredmedia":[{"embeddable":true,"href":"https:\/\/aiwaintl.com\/es\/wp-json\/wp\/v2\/media\/1128"}],"wp:attachment":[{"href":"https:\/\/aiwaintl.com\/es\/wp-json\/wp\/v2\/media?parent=1635"}],"wp:term":[{"taxonomy":"product_brand","embeddable":true,"href":"https:\/\/aiwaintl.com\/es\/wp-json\/wp\/v2\/product_brand?post=1635"},{"taxonomy":"product_cat","embeddable":true,"href":"https:\/\/aiwaintl.com\/es\/wp-json\/wp\/v2\/product_cat?post=1635"},{"taxonomy":"product_tag","embeddable":true,"href":"https:\/\/aiwaintl.com\/es\/wp-json\/wp\/v2\/product_tag?post=1635"}],"curies":[{"name":"wp","href":"https:\/\/api.w.org\/{rel}","templated":true}]}}